{"id":2932,"date":"2018-10-21T09:43:00","date_gmt":"2018-10-21T09:43:00","guid":{"rendered":"https:\/\/kadiandu.org\/ce-que-nous-faisons\/"},"modified":"2023-11-25T11:00:56","modified_gmt":"2023-11-25T11:00:56","slug":"ce-que-nous-faisons","status":"publish","type":"page","link":"https:\/\/kadiandu.org\/fr\/ce-que-nous-faisons\/","title":{"rendered":"CE QUE NOUS FAISONS"},"content":{"rendered":"<p>[et_pb_section fb_built=\u00a0\u00bb1&Prime; fullwidth=\u00a0\u00bbon\u00a0\u00bb next_background_color=\u00a0\u00bb#ffffff\u00a0\u00bb admin_label=\u00a0\u00bbHeader Section\u00a0\u00bb _builder_version=\u00a0\u00bb4.22.2&Prime; background_color=\u00a0\u00bbRGBA(255,255,255,0)\u00a0\u00bb background_image=\u00a0\u00bbhttps:\/\/kadiandu.org\/wp-content\/uploads\/2023\/10\/que-fem-Kadiandu-02.jpg\u00a0\u00bb top_divider_style_tablet=\u00a0\u00bb\u00a0\u00bb top_divider_style_phone=\u00a0\u00bb\u00a0\u00bb top_divider_style_last_edited=\u00a0\u00bbon|desktop\u00a0\u00bb bottom_divider_style=\u00a0\u00bbramp\u00a0\u00bb bottom_divider_height=\u00a0\u00bb0px\u00a0\u00bb bottom_divider_flip=\u00a0\u00bbhorizontal\u00a0\u00bb global_colors_info=\u00a0\u00bb{}\u00a0\u00bb][et_pb_fullwidth_header title=\u00a0\u00bbCE QUE NOUS FAISONS\u00a0\u00bb text_orientation=\u00a0\u00bbcenter\u00a0\u00bb content_max_width=\u00a0\u00bb640px\u00a0\u00bb _builder_version=\u00a0\u00bb4.23&Prime; title_font=\u00a0\u00bbAllerta Stencil|||on|||||\u00a0\u00bb title_text_color=\u00a0\u00bb#FFFFFF\u00a0\u00bb title_font_size=\u00a0\u00bb54px\u00a0\u00bb title_letter_spacing=\u00a0\u00bb3px\u00a0\u00bb title_line_height=\u00a0\u00bb1.3em\u00a0\u00bb content_font=\u00a0\u00bbAllerta Stencil||||||||\u00a0\u00bb content_font_size=\u00a0\u00bb16px\u00a0\u00bb content_line_height=\u00a0\u00bb1.4em\u00a0\u00bb subhead_font=\u00a0\u00bbAllerta Stencil|700|||||||\u00a0\u00bb subhead_font_size=\u00a0\u00bb60px\u00a0\u00bb subhead_line_height=\u00a0\u00bb1.1em\u00a0\u00bb background_color=\u00a0\u00bbRGBA(255,255,255,0)\u00a0\u00bb background_enable_image=\u00a0\u00bboff\u00a0\u00bb parallax=\u00a0\u00bbon\u00a0\u00bb custom_margin=\u00a0\u00bb|||\u00a0\u00bb custom_padding=\u00a0\u00bb162px||162px||true|\u00a0\u00bb animation_style=\u00a0\u00bbzoom\u00a0\u00bb animation_duration=\u00a0\u00bb2000ms\u00a0\u00bb animation_intensity_zoom=\u00a0\u00bb4%\u00a0\u00bb title_font_size_tablet=\u00a0\u00bb38px\u00a0\u00bb title_font_size_phone=\u00a0\u00bb30px\u00a0\u00bb title_font_size_last_edited=\u00a0\u00bbon|phone\u00a0\u00bb subhead_font_size_tablet=\u00a0\u00bb\u00a0\u00bb subhead_font_size_phone=\u00a0\u00bb50px\u00a0\u00bb subhead_font_size_last_edited=\u00a0\u00bbon|desktop\u00a0\u00bb global_colors_info=\u00a0\u00bb{}\u00a0\u00bb button_one_text_size__hover_enabled=\u00a0\u00bboff\u00a0\u00bb button_one_text_size__hover=\u00a0\u00bbnull\u00a0\u00bb button_two_text_size__hover_enabled=\u00a0\u00bboff\u00a0\u00bb button_two_text_size__hover=\u00a0\u00bbnull\u00a0\u00bb button_one_text_color__hover_enabled=\u00a0\u00bboff\u00a0\u00bb button_one_text_color__hover=\u00a0\u00bbnull\u00a0\u00bb button_two_text_color__hover_enabled=\u00a0\u00bboff\u00a0\u00bb button_two_text_color__hover=\u00a0\u00bbnull\u00a0\u00bb button_one_border_width__hover_enabled=\u00a0\u00bboff\u00a0\u00bb button_one_border_width__hover=\u00a0\u00bbnull\u00a0\u00bb button_two_border_width__hover_enabled=\u00a0\u00bboff\u00a0\u00bb button_two_border_width__hover=\u00a0\u00bbnull\u00a0\u00bb button_one_border_color__hover_enabled=\u00a0\u00bboff\u00a0\u00bb button_one_border_color__hover=\u00a0\u00bbnull\u00a0\u00bb button_two_border_color__hover_enabled=\u00a0\u00bboff\u00a0\u00bb button_two_border_color__hover=\u00a0\u00bbnull\u00a0\u00bb button_one_border_radius__hover_enabled=\u00a0\u00bbon\u00a0\u00bb button_one_border_radius__hover=\u00a0\u00bb100px\u00a0\u00bb button_two_border_radius__hover_enabled=\u00a0\u00bboff\u00a0\u00bb button_two_border_radius__hover=\u00a0\u00bbnull\u00a0\u00bb button_one_letter_spacing__hover_enabled=\u00a0\u00bboff\u00a0\u00bb button_one_letter_spacing__hover=\u00a0\u00bbnull\u00a0\u00bb button_two_letter_spacing__hover_enabled=\u00a0\u00bboff\u00a0\u00bb button_two_letter_spacing__hover=\u00a0\u00bbnull\u00a0\u00bb button_one_bg_color__hover_enabled=\u00a0\u00bbon\u00a0\u00bb button_one_bg_color__hover=\u00a0\u00bb#cc8d66&Prime; button_two_bg_color__hover_enabled=\u00a0\u00bbon\u00a0\u00bb button_two_bg_color__hover=\u00a0\u00bb#d29f68&Prime;][\/et_pb_fullwidth_header][\/et_pb_section][et_pb_section fb_built=\u00a0\u00bb1&Prime; admin_label=\u00a0\u00bbAbout Section\u00a0\u00bb _builder_version=\u00a0\u00bb4.16&Prime; custom_margin=\u00a0\u00bb0px|||||\u00a0\u00bb custom_padding=\u00a0\u00bb80px|0px|80px|0px|true|false\u00a0\u00bb global_colors_info=\u00a0\u00bb{}\u00a0\u00bb][et_pb_row column_structure=\u00a0\u00bb2_5,3_5&Prime; _builder_version=\u00a0\u00bb4.16&Prime; background_size=\u00a0\u00bbinitial\u00a0\u00bb background_position=\u00a0\u00bbtop_left\u00a0\u00bb background_repeat=\u00a0\u00bbrepeat\u00a0\u00bb global_colors_info=\u00a0\u00bb{}\u00a0\u00bb][et_pb_column type=\u00a0\u00bb2_5&Prime; _builder_version=\u00a0\u00bb4.16&Prime; custom_padding=\u00a0\u00bb|||\u00a0\u00bb global_colors_info=\u00a0\u00bb{}\u00a0\u00bb custom_padding__hover=\u00a0\u00bb|||\u00a0\u00bb][et_pb_text _builder_version=\u00a0\u00bb4.22.2&Prime; text_font=\u00a0\u00bbZilla Slab Highlight||||||||\u00a0\u00bb text_text_color=\u00a0\u00bb#2fa5f9&Prime; text_font_size=\u00a0\u00bb30px\u00a0\u00bb text_line_height=\u00a0\u00bb1em\u00a0\u00bb header_font=\u00a0\u00bbZilla Slab Highlight||||||||\u00a0\u00bb header_text_color=\u00a0\u00bb#2fa5f9&Prime; header_2_font=\u00a0\u00bbZilla Slab Highlight|700|||||||\u00a0\u00bb header_2_text_color=\u00a0\u00bb#2fa5f9&Prime; header_2_font_size=\u00a0\u00bb50px\u00a0\u00bb header_2_line_height=\u00a0\u00bb1.5em\u00a0\u00bb header_3_font=\u00a0\u00bbZilla Slab Highlight|700|||||||\u00a0\u00bb header_3_text_color=\u00a0\u00bb#2fa5f9&Prime; header_3_font_size=\u00a0\u00bb42px\u00a0\u00bb header_3_line_height=\u00a0\u00bb1.5em\u00a0\u00bb header_4_font=\u00a0\u00bbAlegreya Sans||||||||\u00a0\u00bb header_5_font=\u00a0\u00bbAlegreya Sans|||on|||||\u00a0\u00bb header_5_text_color=\u00a0\u00bb#2fa5f9&Prime; header_5_font_size=\u00a0\u00bb20px\u00a0\u00bb header_5_letter_spacing=\u00a0\u00bb3px\u00a0\u00bb header_6_font=\u00a0\u00bbAlegreya Sans||||||||\u00a0\u00bb max_width=\u00a0\u00bb600px\u00a0\u00bb max_width_tablet=\u00a0\u00bb\u00a0\u00bb max_width_phone=\u00a0\u00bb\u00a0\u00bb max_width_last_edited=\u00a0\u00bbon|phone\u00a0\u00bb custom_margin_tablet=\u00a0\u00bb|70px||70px\u00a0\u00bb custom_margin_phone=\u00a0\u00bb|50px||50px\u00a0\u00bb custom_margin_last_edited=\u00a0\u00bboff|desktop\u00a0\u00bb text_line_height_last_edited=\u00a0\u00bboff|desktop\u00a0\u00bb global_colors_info=\u00a0\u00bb{}\u00a0\u00bb]<\/p>\n<h3 style=\"text-align: center;\"><span style=\"color: #2fa5f9;\">NOTRE ACTIVIT\u00c9<\/span><\/h3>\n<p>[\/et_pb_text][\/et_pb_column][et_pb_column type=\u00a0\u00bb3_5&Prime; _builder_version=\u00a0\u00bb4.16&Prime; custom_padding=\u00a0\u00bb|||\u00a0\u00bb global_colors_info=\u00a0\u00bb{}\u00a0\u00bb custom_padding__hover=\u00a0\u00bb|||\u00a0\u00bb][et_pb_text _builder_version=\u00a0\u00bb4.22.2&Prime; text_font=\u00a0\u00bbAllerta Stencil||||||||\u00a0\u00bb text_text_color=\u00a0\u00bb#000000&Prime; text_font_size=\u00a0\u00bb18px\u00a0\u00bb text_line_height=\u00a0\u00bb2em\u00a0\u00bb header_font=\u00a0\u00bbAlegreya Sans||||||||\u00a0\u00bb header_2_font=\u00a0\u00bbAlegreya Sans|700|||||||\u00a0\u00bb header_2_font_size=\u00a0\u00bb50px\u00a0\u00bb header_2_line_height=\u00a0\u00bb1.5em\u00a0\u00bb header_3_font=\u00a0\u00bbAlegreya Sans||||||||\u00a0\u00bb header_4_font=\u00a0\u00bbAlegreya Sans||||||||\u00a0\u00bb header_5_font=\u00a0\u00bbAlegreya Sans|||on|||||\u00a0\u00bb header_5_text_color=\u00a0\u00bbrgba(0,0,0,0.4)\u00a0\u00bb header_5_font_size=\u00a0\u00bb20px\u00a0\u00bb header_5_letter_spacing=\u00a0\u00bb3px\u00a0\u00bb header_6_font=\u00a0\u00bbAlegreya Sans||||||||\u00a0\u00bb max_width=\u00a0\u00bb600px\u00a0\u00bb max_width_tablet=\u00a0\u00bb\u00a0\u00bb max_width_phone=\u00a0\u00bb\u00a0\u00bb max_width_last_edited=\u00a0\u00bbon|phone\u00a0\u00bb custom_margin_tablet=\u00a0\u00bb|70px||70px\u00a0\u00bb custom_margin_phone=\u00a0\u00bb|50px||50px\u00a0\u00bb custom_margin_last_edited=\u00a0\u00bboff|desktop\u00a0\u00bb text_line_height_last_edited=\u00a0\u00bboff|desktop\u00a0\u00bb global_colors_info=\u00a0\u00bb{}\u00a0\u00bb]<\/p>\n<p>Kadiand\u00fa est un projet de sant\u00e9 (ONG) qui apporte un soutien en mati\u00e8re de soins et d&rsquo;enseignement \u00e0 l&rsquo;h\u00f4pital Thionk Essyl situ\u00e9 en Casamance, au sud du S\u00e9n\u00e9gal.<br \/>Pour organiser les campagnes de sant\u00e9 annuelles, des groupes de 12 \u00e0 13 professionnels, chirurgiens, infirmiers en chirurgie, anesth\u00e9sistes, logisticiens et physioth\u00e9rapeutes, sont constitu\u00e9s.<br \/>Dans le cadre de l&rsquo;enseignement et avec le soutien de l&rsquo;Universit\u00e9 de Ziguinchor, des formations sont dispens\u00e9es aux \u00e9tudiants en m\u00e9decine, en soins infirmiers et aux \u00e9quipes locales de sant\u00e9, dans le but de fid\u00e9liser les nouveaux professionnels en favorisant leur autonomie pour r\u00e9aliser des petites chirurgies tout au long de l&rsquo;ann\u00e9e. et assurer la continuit\u00e9 de l\u2019activit\u00e9 chirurgicale dans le futur.<br \/>Nous disposons d&rsquo;une unit\u00e9 de physioth\u00e9rapie pour le traitement des blessures dues \u00e0 des postures extr\u00eames qui provoquent des douleurs ; il s&rsquo;adresse aux patients actifs qui ont besoin de travailler mais aussi \u00e0 ceux qui ont besoin d&rsquo;am\u00e9liorer leur qualit\u00e9 de vie.<br \/>Nous enseignons des exercices et des habitudes saines pour la pr\u00e9vention des hernies et donnons des conseils posturaux pour soulager les douleurs, notamment aux femmes qui en souffrent au niveau du dos.<br \/>Kadiand\u00fa collabore \u00e9galement en fournissant du mat\u00e9riel m\u00e9dical consomptible et non consomptible pour les campagnes, qui provient d&rsquo;acquisitions et de dons d&rsquo;h\u00f4pitaux et d&rsquo;entreprises publiques et priv\u00e9es.<br \/>Kadiand\u00fa collabore \u00e0 l&rsquo;entretien des infrastructures de l&rsquo;h\u00f4pital Thionk Essyl.<\/p>\n<p>[\/et_pb_text][\/et_pb_column][\/et_pb_row][et_pb_row column_structure=\u00a0\u00bb2_5,3_5&Prime; _builder_version=\u00a0\u00bb4.16&Prime; background_size=\u00a0\u00bbinitial\u00a0\u00bb background_position=\u00a0\u00bbtop_left\u00a0\u00bb background_repeat=\u00a0\u00bbrepeat\u00a0\u00bb global_colors_info=\u00a0\u00bb{}\u00a0\u00bb][et_pb_column type=\u00a0\u00bb2_5&Prime; _builder_version=\u00a0\u00bb4.16&Prime; custom_padding=\u00a0\u00bb|||\u00a0\u00bb global_colors_info=\u00a0\u00bb{}\u00a0\u00bb custom_padding__hover=\u00a0\u00bb|||\u00a0\u00bb][et_pb_text _builder_version=\u00a0\u00bb4.22.2&Prime; text_font=\u00a0\u00bbZilla Slab Highlight||||||||\u00a0\u00bb text_font_size=\u00a0\u00bb30px\u00a0\u00bb text_line_height=\u00a0\u00bb1em\u00a0\u00bb header_font=\u00a0\u00bbZilla Slab Highlight||||||||\u00a0\u00bb header_2_font=\u00a0\u00bbZilla Slab Highlight|700|||||||\u00a0\u00bb header_2_font_size=\u00a0\u00bb50px\u00a0\u00bb header_2_line_height=\u00a0\u00bb1.5em\u00a0\u00bb header_3_font=\u00a0\u00bbZilla Slab Highlight|700|||||||\u00a0\u00bb header_3_font_size=\u00a0\u00bb42px\u00a0\u00bb header_3_line_height=\u00a0\u00bb1.5em\u00a0\u00bb header_4_font=\u00a0\u00bbZilla Slab Highlight||||||||\u00a0\u00bb header_5_font=\u00a0\u00bbZilla Slab Highlight|||on|||||\u00a0\u00bb header_5_text_color=\u00a0\u00bb#2fa5f9&Prime; header_5_font_size=\u00a0\u00bb20px\u00a0\u00bb header_5_letter_spacing=\u00a0\u00bb3px\u00a0\u00bb header_6_font=\u00a0\u00bbAlegreya Sans||||||||\u00a0\u00bb max_width=\u00a0\u00bb600px\u00a0\u00bb max_width_tablet=\u00a0\u00bb\u00a0\u00bb max_width_phone=\u00a0\u00bb\u00a0\u00bb max_width_last_edited=\u00a0\u00bbon|phone\u00a0\u00bb custom_margin_tablet=\u00a0\u00bb|70px||70px\u00a0\u00bb custom_margin_phone=\u00a0\u00bb|50px||50px\u00a0\u00bb custom_margin_last_edited=\u00a0\u00bboff|desktop\u00a0\u00bb text_line_height_last_edited=\u00a0\u00bboff|desktop\u00a0\u00bb global_colors_info=\u00a0\u00bb{}\u00a0\u00bb]<\/p>\n<h3 style=\"text-align: center;\"><span style=\"color: #2fa5f9;\">POURQUOI NOUS LE FAISONS<\/span><\/h3>\n<p>[\/et_pb_text][\/et_pb_column][et_pb_column type=\u00a0\u00bb3_5&Prime; _builder_version=\u00a0\u00bb4.16&Prime; custom_padding=\u00a0\u00bb|||\u00a0\u00bb global_colors_info=\u00a0\u00bb{}\u00a0\u00bb custom_padding__hover=\u00a0\u00bb|||\u00a0\u00bb][et_pb_text _builder_version=\u00a0\u00bb4.22.2&Prime; text_font=\u00a0\u00bbAllerta Stencil||||||||\u00a0\u00bb text_text_color=\u00a0\u00bb#000000&Prime; text_font_size=\u00a0\u00bb18px\u00a0\u00bb text_line_height=\u00a0\u00bb2em\u00a0\u00bb header_font=\u00a0\u00bbAlegreya Sans||||||||\u00a0\u00bb header_2_font=\u00a0\u00bbAlegreya Sans|700|||||||\u00a0\u00bb header_2_font_size=\u00a0\u00bb50px\u00a0\u00bb header_2_line_height=\u00a0\u00bb1.5em\u00a0\u00bb header_3_font=\u00a0\u00bbAlegreya Sans||||||||\u00a0\u00bb header_4_font=\u00a0\u00bbAlegreya Sans||||||||\u00a0\u00bb header_5_font=\u00a0\u00bbAlegreya Sans|||on|||||\u00a0\u00bb header_5_text_color=\u00a0\u00bbrgba(0,0,0,0.4)\u00a0\u00bb header_5_font_size=\u00a0\u00bb20px\u00a0\u00bb header_5_letter_spacing=\u00a0\u00bb3px\u00a0\u00bb header_6_font=\u00a0\u00bbAlegreya Sans||||||||\u00a0\u00bb max_width=\u00a0\u00bb600px\u00a0\u00bb max_width_tablet=\u00a0\u00bb\u00a0\u00bb max_width_phone=\u00a0\u00bb\u00a0\u00bb max_width_last_edited=\u00a0\u00bbon|phone\u00a0\u00bb custom_margin_tablet=\u00a0\u00bb|70px||70px\u00a0\u00bb custom_margin_phone=\u00a0\u00bb|50px||50px\u00a0\u00bb custom_margin_last_edited=\u00a0\u00bboff|desktop\u00a0\u00bb text_line_height_last_edited=\u00a0\u00bboff|desktop\u00a0\u00bb global_colors_info=\u00a0\u00bb{}\u00a0\u00bb]<\/p>\n<p>Le d\u00e9sir de servir et de soutenir ceux qui en ont besoin fait partie de nos valeurs et constitue notre objectif principal.<br \/>Kadiand\u00fa d\u00e9veloppe son activit\u00e9 au sud du S\u00e9n\u00e9gal dans le village de Thionk Essyl en Casamance, une zone vuln\u00e9rable, avec tr\u00e8s peu de ressources et aucun investissement gouvernemental.<br \/>L&rsquo;activit\u00e9 chirurgicale dans la zone n&rsquo;existe pas, elles sont presque toujours r\u00e9f\u00e9r\u00e9es \u00e0 la capitale Ziguinchor situ\u00e9e \u00e0 65 km.<br \/>La population vit principalement de la culture de la terre et de la p\u00eache, elle ne dispose pas de machines ni d&rsquo;animaux pour accomplir ces t\u00e2ches et les gens font de grands efforts et se blessent. Vivre avec une hernie n&rsquo;est pas facile, parfois ils doivent arr\u00eater de travailler et \u00eatre remplac\u00e9s par leurs enfants.<br \/>Le co\u00fbt financier d&rsquo;une intervention chirurgicale est totalement hors de port\u00e9e pour eux, et le transfert vers l&rsquo;h\u00f4pital central de la capitale, par des routes impraticables, est tr\u00e8s compliqu\u00e9. Beaucoup de patients choisissent de vivre mis\u00e9rablement avec leur pathologie pendant des ann\u00e9es, si on n&rsquo;y va pas, on ne les intervient pas.<br \/>Les kystes et malformations ont une longue \u00e9volution. On retrouve des patients avec plus de 8 kystes situ\u00e9s sur un membre ou sur la t\u00eate, ils sont gros et provoquent des douleurs en plus d&rsquo;affecter leur mobilit\u00e9 et leur estime de soi.<br \/>Actuellement \u00e0 Kadiand\u00fa nous ne pouvons pas envisager d&rsquo;autres types d&rsquo;interventions chirurgicales, en raison des lacunes du bloc chirurgical et du manque de contr\u00f4le postop\u00e9ratoire une fois que nous partons.<\/p>\n<p>[\/et_pb_text][\/et_pb_column][\/et_pb_row][\/et_pb_section][et_pb_section fb_built=\u00a0\u00bb1&Prime; _builder_version=\u00a0\u00bb4.22.2&Prime; _module_preset=\u00a0\u00bbdefault\u00a0\u00bb global_colors_info=\u00a0\u00bb{}\u00a0\u00bb][et_pb_row _builder_version=\u00a0\u00bb4.22.2&Prime; _module_preset=\u00a0\u00bbdefault\u00a0\u00bb global_colors_info=\u00a0\u00bb{}\u00a0\u00bb][et_pb_column type=\u00a0\u00bb4_4&Prime; _builder_version=\u00a0\u00bb4.22.2&Prime; _module_preset=\u00a0\u00bbdefault\u00a0\u00bb global_colors_info=\u00a0\u00bb{}\u00a0\u00bb][et_pb_video src=\u00a0\u00bbhttps:\/\/www.youtube.com\/watch?v=9R27TL45GdI\u00a0\u00bb _builder_version=\u00a0\u00bb4.22.2&Prime; _module_preset=\u00a0\u00bbdefault\u00a0\u00bb global_colors_info=\u00a0\u00bb{}\u00a0\u00bb][\/et_pb_video][\/et_pb_column][\/et_pb_row][\/et_pb_section][et_pb_section fb_built=\u00a0\u00bb1&Prime; _builder_version=\u00a0\u00bb4.22.2&Prime; background_image=\u00a0\u00bbhttps:\/\/kadiandu.org\/wp-content\/uploads\/2023\/10\/com-ajudar-kadiandu.jpg\u00a0\u00bb custom_padding=\u00a0\u00bb79px|0px|117px|0px|false|false\u00a0\u00bb global_colors_info=\u00a0\u00bb{}\u00a0\u00bb][et_pb_row column_structure=\u00a0\u00bb1_2,1_2&Prime; _builder_version=\u00a0\u00bb4.23&Prime; _module_preset=\u00a0\u00bbdefault\u00a0\u00bb global_colors_info=\u00a0\u00bb{}\u00a0\u00bb][et_pb_column type=\u00a0\u00bb1_2&Prime; _builder_version=\u00a0\u00bb4.23&Prime; _module_preset=\u00a0\u00bbdefault\u00a0\u00bb global_colors_info=\u00a0\u00bb{}\u00a0\u00bb][et_pb_button button_url=\u00a0\u00bbhttps:\/\/kadiandu.org\/fr\/collaborer\/\u00a0\u00bb button_text=\u00a0\u00bbFAIRE UN DON MAINTENANT\u00a0\u00bb button_alignment=\u00a0\u00bbcenter\u00a0\u00bb _builder_version=\u00a0\u00bb4.23&Prime; _module_preset=\u00a0\u00bbdefault\u00a0\u00bb custom_button=\u00a0\u00bbon\u00a0\u00bb button_text_size=\u00a0\u00bb24px\u00a0\u00bb button_text_color=\u00a0\u00bb#FFFFFF\u00a0\u00bb button_bg_color=\u00a0\u00bb#2fa5f9&Prime; button_border_radius=\u00a0\u00bb5px\u00a0\u00bb button_icon=\u00a0\u00bb&#x3d;||divi||400&Prime; custom_margin=\u00a0\u00bb||||false|false\u00a0\u00bb custom_padding=\u00a0\u00bb||||false|false\u00a0\u00bb global_module=\u00a0\u00bb2247&Prime; global_colors_info=\u00a0\u00bb{}\u00a0\u00bb][\/et_pb_button][\/et_pb_column][et_pb_column type=\u00a0\u00bb1_2&Prime; _builder_version=\u00a0\u00bb4.23&Prime; _module_preset=\u00a0\u00bbdefault\u00a0\u00bb global_colors_info=\u00a0\u00bb{}\u00a0\u00bb][et_pb_button button_url=\u00a0\u00bbhttps:\/\/kadiandu.org\/fr\/devenir-partenaire\/\u00a0\u00bb button_text=\u00a0\u00bbDEVENIR UN PARTENAIRE\u00a0\u00bb button_alignment=\u00a0\u00bbcenter\u00a0\u00bb _builder_version=\u00a0\u00bb4.23&Prime; _module_preset=\u00a0\u00bbdefault\u00a0\u00bb custom_button=\u00a0\u00bbon\u00a0\u00bb button_text_size=\u00a0\u00bb24px\u00a0\u00bb button_text_color=\u00a0\u00bb#FFFFFF\u00a0\u00bb button_bg_color=\u00a0\u00bb#186a3a\u00a0\u00bb button_border_radius=\u00a0\u00bb5px\u00a0\u00bb button_icon=\u00a0\u00bb&#x3d;||divi||400&Prime; custom_margin=\u00a0\u00bb||||false|false\u00a0\u00bb custom_padding=\u00a0\u00bb||||false|false\u00a0\u00bb global_module=\u00a0\u00bb2245&Prime; global_colors_info=\u00a0\u00bb{}\u00a0\u00bb][\/et_pb_button][\/et_pb_column][\/et_pb_row][\/et_pb_section]<\/p>\n","protected":false},"excerpt":{"rendered":"<p>NOTRE ACTIVIT\u00c9Kadiand\u00fa est un projet de sant\u00e9 (ONG) qui apporte un soutien en mati\u00e8re de soins et d&rsquo;enseignement \u00e0 l&rsquo;h\u00f4pital Thionk Essyl situ\u00e9 en Casamance, au sud du S\u00e9n\u00e9gal.Pour organiser [&hellip;]<\/p>\n","protected":false},"author":1,"featured_media":0,"parent":0,"menu_order":0,"comment_status":"closed","ping_status":"closed","template":"","meta":{"give_campaign_id":0,"_et_pb_use_builder":"on","_et_pb_old_content":"","_et_gb_content_width":"","ngg_post_thumbnail":0,"footnotes":""},"class_list":["post-2932","page","type-page","status-publish","hentry"],"yoast_head":"<!-- This site is optimized with the Yoast SEO plugin v27.1.1 - https:\/\/yoast.com\/product\/yoast-seo-wordpress\/ -->\n<title>CE QUE NOUS FAISONS - Kadiandu - ONG<\/title>\n<meta name=\"description\" content=\"Kadiand\u00fa est un projet de sant\u00e9 (ONG) qui apporte un soutien sanitaire et p\u00e9dagogique \u00e0 l&#039;h\u00f4pital Thionk Essyl.\" \/>\n<meta name=\"robots\" content=\"index, follow, max-snippet:-1, max-image-preview:large, max-video-preview:-1\" \/>\n<link rel=\"canonical\" href=\"https:\/\/kadiandu.org\/fr\/ce-que-nous-faisons\/\" \/>\n<meta property=\"og:locale\" content=\"fr_FR\" \/>\n<meta property=\"og:type\" content=\"article\" \/>\n<meta property=\"og:title\" content=\"CE QUE NOUS FAISONS - Kadiandu - ONG\" \/>\n<meta property=\"og:description\" content=\"Kadiand\u00fa est un projet de sant\u00e9 (ONG) qui apporte un soutien sanitaire et p\u00e9dagogique \u00e0 l&#039;h\u00f4pital Thionk Essyl.\" \/>\n<meta property=\"og:url\" content=\"https:\/\/kadiandu.org\/fr\/ce-que-nous-faisons\/\" \/>\n<meta property=\"og:site_name\" content=\"Kadiandu - ONG\" \/>\n<meta property=\"article:modified_time\" content=\"2023-11-25T11:00:56+00:00\" \/>\n<meta name=\"twitter:card\" content=\"summary_large_image\" \/>\n<meta name=\"twitter:label1\" content=\"Dur\u00e9e de lecture estim\u00e9e\" \/>\n\t<meta name=\"twitter:data1\" content=\"9 minutes\" \/>\n<script type=\"application\/ld+json\" class=\"yoast-schema-graph\">{\"@context\":\"https:\/\/schema.org\",\"@graph\":[{\"@type\":\"WebPage\",\"@id\":\"https:\/\/kadiandu.org\/fr\/ce-que-nous-faisons\/\",\"url\":\"https:\/\/kadiandu.org\/fr\/ce-que-nous-faisons\/\",\"name\":\"CE QUE NOUS FAISONS - Kadiandu - ONG\",\"isPartOf\":{\"@id\":\"https:\/\/kadiandu.org\/fr\/#website\"},\"datePublished\":\"2018-10-21T09:43:00+00:00\",\"dateModified\":\"2023-11-25T11:00:56+00:00\",\"description\":\"Kadiand\u00fa est un projet de sant\u00e9 (ONG) qui apporte un soutien sanitaire et p\u00e9dagogique \u00e0 l'h\u00f4pital Thionk Essyl.\",\"breadcrumb\":{\"@id\":\"https:\/\/kadiandu.org\/fr\/ce-que-nous-faisons\/#breadcrumb\"},\"inLanguage\":\"fr-FR\",\"potentialAction\":[{\"@type\":\"ReadAction\",\"target\":[\"https:\/\/kadiandu.org\/fr\/ce-que-nous-faisons\/\"]}]},{\"@type\":\"BreadcrumbList\",\"@id\":\"https:\/\/kadiandu.org\/fr\/ce-que-nous-faisons\/#breadcrumb\",\"itemListElement\":[{\"@type\":\"ListItem\",\"position\":1,\"name\":\"Portada\",\"item\":\"https:\/\/kadiandu.org\/fr\/\"},{\"@type\":\"ListItem\",\"position\":2,\"name\":\"CE QUE NOUS FAISONS\"}]},{\"@type\":\"WebSite\",\"@id\":\"https:\/\/kadiandu.org\/fr\/#website\",\"url\":\"https:\/\/kadiandu.org\/fr\/\",\"name\":\"Kadiandu - ONG\",\"description\":\"Kadiandu\",\"alternateName\":\"Kadiandu - ONG\",\"potentialAction\":[{\"@type\":\"SearchAction\",\"target\":{\"@type\":\"EntryPoint\",\"urlTemplate\":\"https:\/\/kadiandu.org\/fr\/?s={search_term_string}\"},\"query-input\":{\"@type\":\"PropertyValueSpecification\",\"valueRequired\":true,\"valueName\":\"search_term_string\"}}],\"inLanguage\":\"fr-FR\"}]}<\/script>\n<!-- \/ Yoast SEO plugin. -->","yoast_head_json":{"title":"CE QUE NOUS FAISONS - Kadiandu - ONG","description":"Kadiand\u00fa est un projet de sant\u00e9 (ONG) qui apporte un soutien sanitaire et p\u00e9dagogique \u00e0 l'h\u00f4pital Thionk Essyl.","robots":{"index":"index","follow":"follow","max-snippet":"max-snippet:-1","max-image-preview":"max-image-preview:large","max-video-preview":"max-video-preview:-1"},"canonical":"https:\/\/kadiandu.org\/fr\/ce-que-nous-faisons\/","og_locale":"fr_FR","og_type":"article","og_title":"CE QUE NOUS FAISONS - Kadiandu - ONG","og_description":"Kadiand\u00fa est un projet de sant\u00e9 (ONG) qui apporte un soutien sanitaire et p\u00e9dagogique \u00e0 l'h\u00f4pital Thionk Essyl.","og_url":"https:\/\/kadiandu.org\/fr\/ce-que-nous-faisons\/","og_site_name":"Kadiandu - ONG","article_modified_time":"2023-11-25T11:00:56+00:00","twitter_card":"summary_large_image","twitter_misc":{"Dur\u00e9e de lecture estim\u00e9e":"9 minutes"},"schema":{"@context":"https:\/\/schema.org","@graph":[{"@type":"WebPage","@id":"https:\/\/kadiandu.org\/fr\/ce-que-nous-faisons\/","url":"https:\/\/kadiandu.org\/fr\/ce-que-nous-faisons\/","name":"CE QUE NOUS FAISONS - Kadiandu - ONG","isPartOf":{"@id":"https:\/\/kadiandu.org\/fr\/#website"},"datePublished":"2018-10-21T09:43:00+00:00","dateModified":"2023-11-25T11:00:56+00:00","description":"Kadiand\u00fa est un projet de sant\u00e9 (ONG) qui apporte un soutien sanitaire et p\u00e9dagogique \u00e0 l'h\u00f4pital Thionk Essyl.","breadcrumb":{"@id":"https:\/\/kadiandu.org\/fr\/ce-que-nous-faisons\/#breadcrumb"},"inLanguage":"fr-FR","potentialAction":[{"@type":"ReadAction","target":["https:\/\/kadiandu.org\/fr\/ce-que-nous-faisons\/"]}]},{"@type":"BreadcrumbList","@id":"https:\/\/kadiandu.org\/fr\/ce-que-nous-faisons\/#breadcrumb","itemListElement":[{"@type":"ListItem","position":1,"name":"Portada","item":"https:\/\/kadiandu.org\/fr\/"},{"@type":"ListItem","position":2,"name":"CE QUE NOUS FAISONS"}]},{"@type":"WebSite","@id":"https:\/\/kadiandu.org\/fr\/#website","url":"https:\/\/kadiandu.org\/fr\/","name":"Kadiandu - ONG","description":"Kadiandu","alternateName":"Kadiandu - ONG","potentialAction":[{"@type":"SearchAction","target":{"@type":"EntryPoint","urlTemplate":"https:\/\/kadiandu.org\/fr\/?s={search_term_string}"},"query-input":{"@type":"PropertyValueSpecification","valueRequired":true,"valueName":"search_term_string"}}],"inLanguage":"fr-FR"}]}},"campaignId":"","_links":{"self":[{"href":"https:\/\/kadiandu.org\/fr\/wp-json\/wp\/v2\/pages\/2932","targetHints":{"allow":["GET"]}}],"collection":[{"href":"https:\/\/kadiandu.org\/fr\/wp-json\/wp\/v2\/pages"}],"about":[{"href":"https:\/\/kadiandu.org\/fr\/wp-json\/wp\/v2\/types\/page"}],"author":[{"embeddable":true,"href":"https:\/\/kadiandu.org\/fr\/wp-json\/wp\/v2\/users\/1"}],"replies":[{"embeddable":true,"href":"https:\/\/kadiandu.org\/fr\/wp-json\/wp\/v2\/comments?post=2932"}],"version-history":[{"count":4,"href":"https:\/\/kadiandu.org\/fr\/wp-json\/wp\/v2\/pages\/2932\/revisions"}],"predecessor-version":[{"id":3262,"href":"https:\/\/kadiandu.org\/fr\/wp-json\/wp\/v2\/pages\/2932\/revisions\/3262"}],"wp:attachment":[{"href":"https:\/\/kadiandu.org\/fr\/wp-json\/wp\/v2\/media?parent=2932"}],"curies":[{"name":"wp","href":"https:\/\/api.w.org\/{rel}","templated":true}]}}