{"id":2914,"date":"2018-10-21T10:08:33","date_gmt":"2018-10-21T10:08:33","guid":{"rendered":"https:\/\/kadiandu.org\/biscuits\/"},"modified":"2023-11-25T10:48:39","modified_gmt":"2023-11-25T10:48:39","slug":"biscuits","status":"publish","type":"page","link":"https:\/\/kadiandu.org\/fr\/biscuits\/","title":{"rendered":"COOKIES"},"content":{"rendered":"<p>[et_pb_section fb_built=\u00a0\u00bb1&Prime; _builder_version=\u00a0\u00bb4.16&Prime; global_colors_info=\u00a0\u00bb{}\u00a0\u00bb][et_pb_row _builder_version=\u00a0\u00bb4.16&Prime; background_size=\u00a0\u00bbinitial\u00a0\u00bb background_position=\u00a0\u00bbtop_left\u00a0\u00bb background_repeat=\u00a0\u00bbrepeat\u00a0\u00bb global_colors_info=\u00a0\u00bb{}\u00a0\u00bb][et_pb_column type=\u00a0\u00bb4_4&Prime; _builder_version=\u00a0\u00bb4.16&Prime; custom_padding=\u00a0\u00bb|||\u00a0\u00bb global_colors_info=\u00a0\u00bb{}\u00a0\u00bb custom_padding__hover=\u00a0\u00bb|||\u00a0\u00bb][et_pb_text _builder_version=\u00a0\u00bb4.22.2&Prime; background_size=\u00a0\u00bbinitial\u00a0\u00bb background_position=\u00a0\u00bbtop_left\u00a0\u00bb background_repeat=\u00a0\u00bbrepeat\u00a0\u00bb global_colors_info=\u00a0\u00bb{}\u00a0\u00bb]<\/p>\n<p><!-- divi:paragraph --><strong>Politique de cookies<\/strong><br \/>Un cookie est un petit fichier texte stock\u00e9 dans votre navigateur lorsque vous visitez presque n&rsquo;importe quelle page Web. Son utilit\u00e9 est que le site Web est capable de se souvenir de votre visite lorsque vous revenez sur cette page. Les cookies stockent g\u00e9n\u00e9ralement des informations techniques, des pr\u00e9f\u00e9rences personnelles, la personnalisation du contenu, des statistiques d&rsquo;utilisation, des liens vers des r\u00e9seaux sociaux, l&rsquo;acc\u00e8s aux comptes d&rsquo;utilisateurs, etc. L&rsquo;objectif du cookie est d&rsquo;adapter le contenu du Web \u00e0 votre profil et \u00e0 vos besoins. Sans cookies, les services offerts par n&rsquo;importe quelle page seraient consid\u00e9rablement r\u00e9duits. Si vous souhaitez consulter plus d&rsquo;informations sur ce que sont les cookies, ce qu&rsquo;ils stockent, comment les supprimer, les d\u00e9sactiver, etc., veuillez vous rendre sur ce lien.<\/p>\n<p><!-- \/divi:paragraph --><\/p>\n<p><!-- divi:paragraph --><strong>Cookies utilis\u00e9s sur ce site<\/strong><br \/>Conform\u00e9ment aux directives de l&rsquo;Agence espagnole de protection des donn\u00e9es, nous d\u00e9taillons l&rsquo;utilisation de cookies par ce site Web afin de vous informer le plus pr\u00e9cis\u00e9ment possible.<\/p>\n<p><!-- \/divi:paragraph --><\/p>\n<p><!-- divi:paragraph --><strong>Ce site Web utilise les cookies propri\u00e9taires suivants :<\/strong><\/p>\n<p><!-- divi:paragraph -->Cookies de session, pour garantir que les utilisateurs qui \u00e9crivent des commentaires sur le blog sont des applications humaines et non automatis\u00e9es. Le spam est ainsi combattu.<br \/>Ce site Web utilise les cookies tiers suivants :<\/p>\n<p><!-- divi:paragraph -->Google Analytics : stocke des cookies pour pouvoir \u00e9tablir des statistiques sur le trafic et le volume de visites sur ce site Internet. En utilisant ce site Internet, vous consentez au traitement des informations vous concernant par Google. Par cons\u00e9quent, l\u2019exercice de tout droit en ce sens doit se faire en communiquant directement avec Google.<br \/>R\u00e9seaux sociaux : Chaque r\u00e9seau social utilise ses propres cookies afin que vous puissiez cliquer sur les boutons J&rsquo;aime ou Partager.<br \/>D\u00e9sactivation ou suppression des cookies<br \/>Vous pouvez \u00e0 tout moment exercer votre droit de d\u00e9sactiver ou de supprimer les cookies de ce site Internet. Ces actions sont effectu\u00e9es diff\u00e9remment selon le navigateur que vous utilisez. Voici un guide rapide pour les navigateurs les plus populaires.<\/p>\n<p><!-- \/divi:paragraph --><\/p>\n<p><!-- divi:paragraph --><strong>Notes compl\u00e9mentaires<\/strong><br \/>Ni ce site Web ni ses repr\u00e9sentants l\u00e9gaux ne sont responsables du contenu ou de la v\u00e9racit\u00e9 des politiques de confidentialit\u00e9 que peuvent avoir les tiers mentionn\u00e9s dans cette politique de cookies.<br \/>Les navigateurs Web sont les outils charg\u00e9s de stocker les cookies et \u00e0 partir de cet endroit, vous devez exercer votre droit de les supprimer ou de les d\u00e9sactiver. Ni ce site Web ni ses repr\u00e9sentants l\u00e9gaux ne peuvent garantir le traitement correct ou incorrect des cookies par les navigateurs susmentionn\u00e9s.<br \/>Dans certains cas, il est n\u00e9cessaire d&rsquo;installer des cookies pour que le navigateur n&rsquo;oublie pas sa d\u00e9cision de ne pas les accepter.<br \/>Dans le cas des cookies Google Analytics, cette soci\u00e9t\u00e9 stocke les cookies sur des serveurs situ\u00e9s aux \u00c9tats-Unis et s&rsquo;engage \u00e0 ne pas les partager avec des tiers, sauf dans les cas o\u00f9 cela est n\u00e9cessaire au fonctionnement du syst\u00e8me ou lorsque la loi exige un tel effet. Selon Google, votre adresse IP n&rsquo;est pas enregistr\u00e9e. Google Inc. est une entreprise qui adh\u00e8re au Safe Harbor Agreement qui garantit que toutes les donn\u00e9es transf\u00e9r\u00e9es seront trait\u00e9es avec un niveau de protection conforme \u00e0 la r\u00e9glementation europ\u00e9enne. Vous pouvez consulter des informations d\u00e9taill\u00e9es \u00e0 ce sujet sur ce lien. Si vous souhaitez des informations sur l&rsquo;utilisation que Google fait des cookies, nous joignons cet autre lien.<\/p>\n<p><!-- \/divi:paragraph --><\/p>\n<p><!-- divi:paragraph -->&nbsp;<\/p>\n<p><!-- \/divi:paragraph --><\/p>\n<p><!-- divi:paragraph -->Vous trouverez ci-dessous les cookies suivants qui sont utilis\u00e9s sur le site Web&nbsp;:<\/p>\n<p><!-- \/divi:paragraph --><\/p>\n<p><!-- divi:paragraph -->Cookies Type Temporalit\u00e9 Propri\u00e9t\u00e9<br \/>Google Analytics Analyses tierces<br \/>Cookies sociaux temporaires de Facebook Tiers<br \/>Cookies sociaux temporaires tiers de YouTube<\/p>\n<p><!-- \/divi:paragraph --><\/p>\n<p><!-- divi:paragraph -->Les conditions des prestations :<\/p>\n<p><!-- \/divi:paragraph --><\/p>\n<p><!-- divi:paragraph -->[1] Politique de confidentialit\u00e9 de Google Analytics&nbsp;: https:\/\/www.google.com\/policies\/privacy\/<\/p>\n<p><!-- \/divi:paragraph --><\/p>\n<p><!-- divi:paragraph -->[2] Conditions de confidentialit\u00e9 de Facebook : https:\/\/www.facebook.com\/about\/privacy\/your-info-on-other<\/p>\n<p><!-- \/divi:paragraph --><\/p>\n<p><!-- divi:paragraph -->[3] Conditions de confidentialit\u00e9 de Twitter : https:\/\/twitter.com\/privacy<\/p>\n<p><!-- \/divi:paragraph --><\/p>\n<p><!-- divi:paragraph -->[3] Conditions de confidentialit\u00e9 de Linked In&nbsp;: https:\/\/www.linkedin.com\/legal\/cookie-policy<\/p>\n<p><!-- \/divi:paragraph --><\/p>\n<p><!-- divi:paragraph -->[2] Conditions des cookies Google : http:\/\/www.google.com\/policies\/technologies\/types\/<\/p>\n<p><!-- \/divi:paragraph --><\/p>\n<p><!-- divi:paragraph -->[5] Conditions de confidentialit\u00e9 de YouTube&nbsp;: https:\/\/www.google.es\/intl\/es\/policies\/technologies\/cookies\/<\/p>\n<p><!-- \/divi:paragraph --><\/p>\n<p><!-- divi:paragraph --><br \/>Pour toute question ou requ\u00eate concernant cette politique de cookies, n&rsquo;h\u00e9sitez pas \u00e0 nous contacter via la rubrique contact.<\/p>\n<p><!-- \/divi:paragraph --><\/p>\n<p>[\/et_pb_text][\/et_pb_column][\/et_pb_row][\/et_pb_section]<\/p>\n","protected":false},"excerpt":{"rendered":"<p>Politique de cookiesUn cookie est un petit fichier texte stock\u00e9 dans votre navigateur lorsque vous visitez presque n&rsquo;importe quelle page Web. Son utilit\u00e9 est que le site Web est capable [&hellip;]<\/p>\n","protected":false},"author":1,"featured_media":0,"parent":0,"menu_order":0,"comment_status":"closed","ping_status":"closed","template":"","meta":{"give_campaign_id":0,"_et_pb_use_builder":"on","_et_pb_old_content":"","_et_gb_content_width":"","ngg_post_thumbnail":0,"footnotes":""},"class_list":["post-2914","page","type-page","status-publish","hentry"],"yoast_head":"<!-- This site is optimized with the Yoast SEO plugin v27.1.1 - https:\/\/yoast.com\/product\/yoast-seo-wordpress\/ -->\n<title>COOKIES - Kadiandu - ONG<\/title>\n<meta name=\"description\" content=\"Un cookie est un petit fichier texte stock\u00e9 dans votre navigateur lorsque vous visitez presque n&#039;importe quelle page Web.\" \/>\n<meta name=\"robots\" content=\"index, follow, max-snippet:-1, max-image-preview:large, max-video-preview:-1\" \/>\n<link rel=\"canonical\" href=\"https:\/\/kadiandu.org\/fr\/biscuits\/\" \/>\n<meta property=\"og:locale\" content=\"fr_FR\" \/>\n<meta property=\"og:type\" content=\"article\" \/>\n<meta property=\"og:title\" content=\"COOKIES - Kadiandu - ONG\" \/>\n<meta property=\"og:description\" content=\"Un cookie est un petit fichier texte stock\u00e9 dans votre navigateur lorsque vous visitez presque n&#039;importe quelle page Web.\" \/>\n<meta property=\"og:url\" content=\"https:\/\/kadiandu.org\/fr\/biscuits\/\" \/>\n<meta property=\"og:site_name\" content=\"Kadiandu - ONG\" \/>\n<meta property=\"article:modified_time\" content=\"2023-11-25T10:48:39+00:00\" \/>\n<meta name=\"twitter:card\" content=\"summary_large_image\" \/>\n<meta name=\"twitter:label1\" content=\"Dur\u00e9e de lecture estim\u00e9e\" \/>\n\t<meta name=\"twitter:data1\" content=\"4 minutes\" \/>\n<script type=\"application\/ld+json\" class=\"yoast-schema-graph\">{\"@context\":\"https:\/\/schema.org\",\"@graph\":[{\"@type\":\"WebPage\",\"@id\":\"https:\/\/kadiandu.org\/fr\/biscuits\/\",\"url\":\"https:\/\/kadiandu.org\/fr\/biscuits\/\",\"name\":\"COOKIES - Kadiandu - ONG\",\"isPartOf\":{\"@id\":\"https:\/\/kadiandu.org\/fr\/#website\"},\"datePublished\":\"2018-10-21T10:08:33+00:00\",\"dateModified\":\"2023-11-25T10:48:39+00:00\",\"description\":\"Un cookie est un petit fichier texte stock\u00e9 dans votre navigateur lorsque vous visitez presque n'importe quelle page Web.\",\"breadcrumb\":{\"@id\":\"https:\/\/kadiandu.org\/fr\/biscuits\/#breadcrumb\"},\"inLanguage\":\"fr-FR\",\"potentialAction\":[{\"@type\":\"ReadAction\",\"target\":[\"https:\/\/kadiandu.org\/fr\/biscuits\/\"]}]},{\"@type\":\"BreadcrumbList\",\"@id\":\"https:\/\/kadiandu.org\/fr\/biscuits\/#breadcrumb\",\"itemListElement\":[{\"@type\":\"ListItem\",\"position\":1,\"name\":\"Portada\",\"item\":\"https:\/\/kadiandu.org\/fr\/\"},{\"@type\":\"ListItem\",\"position\":2,\"name\":\"COOKIES\"}]},{\"@type\":\"WebSite\",\"@id\":\"https:\/\/kadiandu.org\/fr\/#website\",\"url\":\"https:\/\/kadiandu.org\/fr\/\",\"name\":\"Kadiandu - ONG\",\"description\":\"Kadiandu\",\"alternateName\":\"Kadiandu - ONG\",\"potentialAction\":[{\"@type\":\"SearchAction\",\"target\":{\"@type\":\"EntryPoint\",\"urlTemplate\":\"https:\/\/kadiandu.org\/fr\/?s={search_term_string}\"},\"query-input\":{\"@type\":\"PropertyValueSpecification\",\"valueRequired\":true,\"valueName\":\"search_term_string\"}}],\"inLanguage\":\"fr-FR\"}]}<\/script>\n<!-- \/ Yoast SEO plugin. -->","yoast_head_json":{"title":"COOKIES - Kadiandu - ONG","description":"Un cookie est un petit fichier texte stock\u00e9 dans votre navigateur lorsque vous visitez presque n'importe quelle page Web.","robots":{"index":"index","follow":"follow","max-snippet":"max-snippet:-1","max-image-preview":"max-image-preview:large","max-video-preview":"max-video-preview:-1"},"canonical":"https:\/\/kadiandu.org\/fr\/biscuits\/","og_locale":"fr_FR","og_type":"article","og_title":"COOKIES - Kadiandu - ONG","og_description":"Un cookie est un petit fichier texte stock\u00e9 dans votre navigateur lorsque vous visitez presque n'importe quelle page Web.","og_url":"https:\/\/kadiandu.org\/fr\/biscuits\/","og_site_name":"Kadiandu - ONG","article_modified_time":"2023-11-25T10:48:39+00:00","twitter_card":"summary_large_image","twitter_misc":{"Dur\u00e9e de lecture estim\u00e9e":"4 minutes"},"schema":{"@context":"https:\/\/schema.org","@graph":[{"@type":"WebPage","@id":"https:\/\/kadiandu.org\/fr\/biscuits\/","url":"https:\/\/kadiandu.org\/fr\/biscuits\/","name":"COOKIES - Kadiandu - ONG","isPartOf":{"@id":"https:\/\/kadiandu.org\/fr\/#website"},"datePublished":"2018-10-21T10:08:33+00:00","dateModified":"2023-11-25T10:48:39+00:00","description":"Un cookie est un petit fichier texte stock\u00e9 dans votre navigateur lorsque vous visitez presque n'importe quelle page Web.","breadcrumb":{"@id":"https:\/\/kadiandu.org\/fr\/biscuits\/#breadcrumb"},"inLanguage":"fr-FR","potentialAction":[{"@type":"ReadAction","target":["https:\/\/kadiandu.org\/fr\/biscuits\/"]}]},{"@type":"BreadcrumbList","@id":"https:\/\/kadiandu.org\/fr\/biscuits\/#breadcrumb","itemListElement":[{"@type":"ListItem","position":1,"name":"Portada","item":"https:\/\/kadiandu.org\/fr\/"},{"@type":"ListItem","position":2,"name":"COOKIES"}]},{"@type":"WebSite","@id":"https:\/\/kadiandu.org\/fr\/#website","url":"https:\/\/kadiandu.org\/fr\/","name":"Kadiandu - ONG","description":"Kadiandu","alternateName":"Kadiandu - ONG","potentialAction":[{"@type":"SearchAction","target":{"@type":"EntryPoint","urlTemplate":"https:\/\/kadiandu.org\/fr\/?s={search_term_string}"},"query-input":{"@type":"PropertyValueSpecification","valueRequired":true,"valueName":"search_term_string"}}],"inLanguage":"fr-FR"}]}},"campaignId":"","_links":{"self":[{"href":"https:\/\/kadiandu.org\/fr\/wp-json\/wp\/v2\/pages\/2914","targetHints":{"allow":["GET"]}}],"collection":[{"href":"https:\/\/kadiandu.org\/fr\/wp-json\/wp\/v2\/pages"}],"about":[{"href":"https:\/\/kadiandu.org\/fr\/wp-json\/wp\/v2\/types\/page"}],"author":[{"embeddable":true,"href":"https:\/\/kadiandu.org\/fr\/wp-json\/wp\/v2\/users\/1"}],"replies":[{"embeddable":true,"href":"https:\/\/kadiandu.org\/fr\/wp-json\/wp\/v2\/comments?post=2914"}],"version-history":[{"count":7,"href":"https:\/\/kadiandu.org\/fr\/wp-json\/wp\/v2\/pages\/2914\/revisions"}],"predecessor-version":[{"id":3244,"href":"https:\/\/kadiandu.org\/fr\/wp-json\/wp\/v2\/pages\/2914\/revisions\/3244"}],"wp:attachment":[{"href":"https:\/\/kadiandu.org\/fr\/wp-json\/wp\/v2\/media?parent=2914"}],"curies":[{"name":"wp","href":"https:\/\/api.w.org\/{rel}","templated":true}]}}