{"id":2898,"date":"2023-10-28T12:48:32","date_gmt":"2023-10-28T12:48:32","guid":{"rendered":"https:\/\/kadiandu.org\/certificat-de-don\/"},"modified":"2024-03-16T19:57:27","modified_gmt":"2024-03-16T19:57:27","slug":"certificat-de-don","status":"publish","type":"page","link":"https:\/\/kadiandu.org\/fr\/certificat-de-don\/","title":{"rendered":"CERTIFICAT DE DON"},"content":{"rendered":"<p>[et_pb_section fb_built=\u00a0\u00bb1&Prime; _builder_version=\u00a0\u00bb4.23&Prime; _module_preset=\u00a0\u00bbdefault\u00a0\u00bb global_colors_info=\u00a0\u00bb{}\u00a0\u00bb][et_pb_row _builder_version=\u00a0\u00bb4.23&Prime; _module_preset=\u00a0\u00bbdefault\u00a0\u00bb global_colors_info=\u00a0\u00bb{}\u00a0\u00bb][et_pb_column type=\u00a0\u00bb4_4&Prime; _builder_version=\u00a0\u00bb4.23&Prime; _module_preset=\u00a0\u00bbdefault\u00a0\u00bb global_colors_info=\u00a0\u00bb{}\u00a0\u00bb][et_pb_text _builder_version=\u00a0\u00bb4.23&Prime; _module_preset=\u00a0\u00bbdefault\u00a0\u00bb header_3_font=\u00a0\u00bbAllerta Stencil|700|||||||\u00a0\u00bb global_colors_info=\u00a0\u00bb{}\u00a0\u00bb]<\/p>\n<h3 style=\"text-align: center;\"><strong>Pour demander le certificat de don, veuillez remplir ce formulaire.<\/strong><\/h3>\n<p>[\/et_pb_text][et_pb_contact_form email=\u00a0\u00bbdiana@kadiandu.org\u00a0\u00bb success_message=\u00a0\u00bbMerci pour votre demande, nous vous contacterons dans les plus brefs d\u00e9lais.\u00a0\u00bb submit_button_text=\u00a0\u00bbEnvoyer\u00a0\u00bb admin_label=\u00a0\u00bbContact Form\u00a0\u00bb _builder_version=\u00a0\u00bb4.23&Prime; _module_preset=\u00a0\u00bbdefault\u00a0\u00bb _unique_id=\u00a0\u00bb159d8174-6c9f-4f1c-b884-03af917a3c06&Prime; hover_enabled=\u00a0\u00bb0&Prime; global_colors_info=\u00a0\u00bb{}\u00a0\u00bb sticky_enabled=\u00a0\u00bb0&Prime;][et_pb_contact_field field_id=\u00a0\u00bbNom\u00a0\u00bb field_title=\u00a0\u00bbPr\u00e9nom\u00a0\u00bb _builder_version=\u00a0\u00bb4.23&Prime; global_colors_info=\u00a0\u00bb{}\u00a0\u00bb button_text_size__hover_enabled=\u00a0\u00bboff\u00a0\u00bb button_one_text_size__hover_enabled=\u00a0\u00bboff\u00a0\u00bb button_two_text_size__hover_enabled=\u00a0\u00bboff\u00a0\u00bb button_text_color__hover_enabled=\u00a0\u00bboff\u00a0\u00bb button_one_text_color__hover_enabled=\u00a0\u00bboff\u00a0\u00bb button_two_text_color__hover_enabled=\u00a0\u00bboff\u00a0\u00bb button_border_width__hover_enabled=\u00a0\u00bboff\u00a0\u00bb button_one_border_width__hover_enabled=\u00a0\u00bboff\u00a0\u00bb button_two_border_width__hover_enabled=\u00a0\u00bboff\u00a0\u00bb button_border_color__hover_enabled=\u00a0\u00bboff\u00a0\u00bb button_one_border_color__hover_enabled=\u00a0\u00bboff\u00a0\u00bb button_two_border_color__hover_enabled=\u00a0\u00bboff\u00a0\u00bb button_border_radius__hover_enabled=\u00a0\u00bboff\u00a0\u00bb button_one_border_radius__hover_enabled=\u00a0\u00bboff\u00a0\u00bb button_two_border_radius__hover_enabled=\u00a0\u00bboff\u00a0\u00bb button_letter_spacing__hover_enabled=\u00a0\u00bboff\u00a0\u00bb button_one_letter_spacing__hover_enabled=\u00a0\u00bboff\u00a0\u00bb button_two_letter_spacing__hover_enabled=\u00a0\u00bboff\u00a0\u00bb button_bg_color__hover_enabled=\u00a0\u00bboff\u00a0\u00bb button_one_bg_color__hover_enabled=\u00a0\u00bboff\u00a0\u00bb button_two_bg_color__hover_enabled=\u00a0\u00bboff\u00a0\u00bb][\/et_pb_contact_field][et_pb_contact_field field_id=\u00a0\u00bbEmail\u00a0\u00bb field_title=\u00a0\u00bbe-mail\u00a0\u00bb field_type=\u00a0\u00bbemail\u00a0\u00bb _builder_version=\u00a0\u00bb4.23&Prime; global_colors_info=\u00a0\u00bb{}\u00a0\u00bb button_text_size__hover_enabled=\u00a0\u00bboff\u00a0\u00bb button_one_text_size__hover_enabled=\u00a0\u00bboff\u00a0\u00bb button_two_text_size__hover_enabled=\u00a0\u00bboff\u00a0\u00bb button_text_color__hover_enabled=\u00a0\u00bboff\u00a0\u00bb button_one_text_color__hover_enabled=\u00a0\u00bboff\u00a0\u00bb button_two_text_color__hover_enabled=\u00a0\u00bboff\u00a0\u00bb button_border_width__hover_enabled=\u00a0\u00bboff\u00a0\u00bb button_one_border_width__hover_enabled=\u00a0\u00bboff\u00a0\u00bb button_two_border_width__hover_enabled=\u00a0\u00bboff\u00a0\u00bb button_border_color__hover_enabled=\u00a0\u00bboff\u00a0\u00bb button_one_border_color__hover_enabled=\u00a0\u00bboff\u00a0\u00bb button_two_border_color__hover_enabled=\u00a0\u00bboff\u00a0\u00bb button_border_radius__hover_enabled=\u00a0\u00bboff\u00a0\u00bb button_one_border_radius__hover_enabled=\u00a0\u00bboff\u00a0\u00bb button_two_border_radius__hover_enabled=\u00a0\u00bboff\u00a0\u00bb button_letter_spacing__hover_enabled=\u00a0\u00bboff\u00a0\u00bb button_one_letter_spacing__hover_enabled=\u00a0\u00bboff\u00a0\u00bb button_two_letter_spacing__hover_enabled=\u00a0\u00bboff\u00a0\u00bb button_bg_color__hover_enabled=\u00a0\u00bboff\u00a0\u00bb button_one_bg_color__hover_enabled=\u00a0\u00bboff\u00a0\u00bb button_two_bg_color__hover_enabled=\u00a0\u00bboff\u00a0\u00bb][\/et_pb_contact_field][et_pb_contact_field field_id=\u00a0\u00bbMobile\u00a0\u00bb field_title=\u00a0\u00bbt\u00e9l\u00e9phone\u00a0\u00bb allowed_symbols=\u00a0\u00bbnumbers\u00a0\u00bb fullwidth_field=\u00a0\u00bbon\u00a0\u00bb _builder_version=\u00a0\u00bb4.23&Prime; _module_preset=\u00a0\u00bbdefault\u00a0\u00bb global_colors_info=\u00a0\u00bb{}\u00a0\u00bb][\/et_pb_contact_field][et_pb_contact_field field_id=\u00a0\u00bbDirecci\u00f3n\u00a0\u00bb field_title=\u00a0\u00bbAdresse\u00a0\u00bb fullwidth_field=\u00a0\u00bbon\u00a0\u00bb _builder_version=\u00a0\u00bb4.23&Prime; _module_preset=\u00a0\u00bbdefault\u00a0\u00bb global_colors_info=\u00a0\u00bb{}\u00a0\u00bb][\/et_pb_contact_field][et_pb_contact_field field_id=\u00a0\u00bbNIF\u00a0\u00bb field_title=\u00a0\u00bbFNI\u00a0\u00bb fullwidth_field=\u00a0\u00bbon\u00a0\u00bb _builder_version=\u00a0\u00bb4.23&Prime; _module_preset=\u00a0\u00bbdefault\u00a0\u00bb global_colors_info=\u00a0\u00bb{}\u00a0\u00bb][\/et_pb_contact_field][et_pb_contact_field field_id=\u00a0\u00bbPol\u00edtica-de-privacitat\u00a0\u00bb field_title=\u00a0\u00bbPolitique de confidentialit\u00e9\u00a0\u00bb field_type=\u00a0\u00bbcheckbox\u00a0\u00bb checkbox_options=\u00a0\u00bb%91{%22value%22:%22J&apos;accepte la politique de confidentialit\u00e9%22,%22checked%22:0,%22dragID%22:-1}%93&Prime; fullwidth_field=\u00a0\u00bbon\u00a0\u00bb _builder_version=\u00a0\u00bb4.23&Prime; _module_preset=\u00a0\u00bbdefault\u00a0\u00bb link_option_url=\u00a0\u00bbhttps:\/\/kadiandu.org\/politica-privacitat\/\u00a0\u00bb global_colors_info=\u00a0\u00bb{}\u00a0\u00bb][\/et_pb_contact_field][\/et_pb_contact_form][\/et_pb_column][\/et_pb_row][\/et_pb_section]<\/p>\n","protected":false},"excerpt":{"rendered":"<p>Pour demander le certificat de don, veuillez remplir ce formulaire.<\/p>\n","protected":false},"author":1,"featured_media":0,"parent":0,"menu_order":0,"comment_status":"closed","ping_status":"closed","template":"","meta":{"give_campaign_id":0,"_et_pb_use_builder":"on","_et_pb_old_content":"","_et_gb_content_width":"","ngg_post_thumbnail":0,"footnotes":""},"class_list":["post-2898","page","type-page","status-publish","hentry"],"yoast_head":"<!-- This site is optimized with the Yoast SEO plugin v27.1.1 - https:\/\/yoast.com\/product\/yoast-seo-wordpress\/ -->\n<title>CERTIFICAT DE DON - Kadiandu - ONG<\/title>\n<meta name=\"description\" content=\"Kadiand\u00fa est un projet de sant\u00e9 (ONG) qui fournit un soutien en mati\u00e8re de soins de sant\u00e9 et d&#039;enseignement \u00e0 l&#039;h\u00f4pital Thionk Essyl, au S\u00e9n\u00e9gal.\" \/>\n<meta name=\"robots\" content=\"index, follow, max-snippet:-1, max-image-preview:large, max-video-preview:-1\" \/>\n<link rel=\"canonical\" href=\"https:\/\/kadiandu.org\/fr\/certificat-de-don\/\" \/>\n<meta property=\"og:locale\" content=\"fr_FR\" \/>\n<meta property=\"og:type\" content=\"article\" \/>\n<meta property=\"og:title\" content=\"CERTIFICAT DE DON - Kadiandu - ONG\" \/>\n<meta property=\"og:description\" content=\"Kadiand\u00fa est un projet de sant\u00e9 (ONG) qui fournit un soutien en mati\u00e8re de soins de sant\u00e9 et d&#039;enseignement \u00e0 l&#039;h\u00f4pital Thionk Essyl, au S\u00e9n\u00e9gal.\" \/>\n<meta property=\"og:url\" content=\"https:\/\/kadiandu.org\/fr\/certificat-de-don\/\" \/>\n<meta property=\"og:site_name\" content=\"Kadiandu - ONG\" \/>\n<meta property=\"article:modified_time\" content=\"2024-03-16T19:57:27+00:00\" \/>\n<meta name=\"twitter:card\" content=\"summary_large_image\" \/>\n<meta name=\"twitter:label1\" content=\"Dur\u00e9e de lecture estim\u00e9e\" \/>\n\t<meta name=\"twitter:data1\" content=\"3 minutes\" \/>\n<script type=\"application\/ld+json\" class=\"yoast-schema-graph\">{\"@context\":\"https:\/\/schema.org\",\"@graph\":[{\"@type\":\"WebPage\",\"@id\":\"https:\/\/kadiandu.org\/fr\/certificat-de-don\/\",\"url\":\"https:\/\/kadiandu.org\/fr\/certificat-de-don\/\",\"name\":\"CERTIFICAT DE DON - Kadiandu - ONG\",\"isPartOf\":{\"@id\":\"https:\/\/kadiandu.org\/fr\/#website\"},\"datePublished\":\"2023-10-28T12:48:32+00:00\",\"dateModified\":\"2024-03-16T19:57:27+00:00\",\"description\":\"Kadiand\u00fa est un projet de sant\u00e9 (ONG) qui fournit un soutien en mati\u00e8re de soins de sant\u00e9 et d'enseignement \u00e0 l'h\u00f4pital Thionk Essyl, au S\u00e9n\u00e9gal.\",\"breadcrumb\":{\"@id\":\"https:\/\/kadiandu.org\/fr\/certificat-de-don\/#breadcrumb\"},\"inLanguage\":\"fr-FR\",\"potentialAction\":[{\"@type\":\"ReadAction\",\"target\":[\"https:\/\/kadiandu.org\/fr\/certificat-de-don\/\"]}]},{\"@type\":\"BreadcrumbList\",\"@id\":\"https:\/\/kadiandu.org\/fr\/certificat-de-don\/#breadcrumb\",\"itemListElement\":[{\"@type\":\"ListItem\",\"position\":1,\"name\":\"Portada\",\"item\":\"https:\/\/kadiandu.org\/fr\/\"},{\"@type\":\"ListItem\",\"position\":2,\"name\":\"CERTIFICAT DE DON\"}]},{\"@type\":\"WebSite\",\"@id\":\"https:\/\/kadiandu.org\/fr\/#website\",\"url\":\"https:\/\/kadiandu.org\/fr\/\",\"name\":\"Kadiandu - ONG\",\"description\":\"Kadiandu\",\"alternateName\":\"Kadiandu - ONG\",\"potentialAction\":[{\"@type\":\"SearchAction\",\"target\":{\"@type\":\"EntryPoint\",\"urlTemplate\":\"https:\/\/kadiandu.org\/fr\/?s={search_term_string}\"},\"query-input\":{\"@type\":\"PropertyValueSpecification\",\"valueRequired\":true,\"valueName\":\"search_term_string\"}}],\"inLanguage\":\"fr-FR\"}]}<\/script>\n<!-- \/ Yoast SEO plugin. -->","yoast_head_json":{"title":"CERTIFICAT DE DON - Kadiandu - ONG","description":"Kadiand\u00fa est un projet de sant\u00e9 (ONG) qui fournit un soutien en mati\u00e8re de soins de sant\u00e9 et d'enseignement \u00e0 l'h\u00f4pital Thionk Essyl, au S\u00e9n\u00e9gal.","robots":{"index":"index","follow":"follow","max-snippet":"max-snippet:-1","max-image-preview":"max-image-preview:large","max-video-preview":"max-video-preview:-1"},"canonical":"https:\/\/kadiandu.org\/fr\/certificat-de-don\/","og_locale":"fr_FR","og_type":"article","og_title":"CERTIFICAT DE DON - Kadiandu - ONG","og_description":"Kadiand\u00fa est un projet de sant\u00e9 (ONG) qui fournit un soutien en mati\u00e8re de soins de sant\u00e9 et d'enseignement \u00e0 l'h\u00f4pital Thionk Essyl, au S\u00e9n\u00e9gal.","og_url":"https:\/\/kadiandu.org\/fr\/certificat-de-don\/","og_site_name":"Kadiandu - ONG","article_modified_time":"2024-03-16T19:57:27+00:00","twitter_card":"summary_large_image","twitter_misc":{"Dur\u00e9e de lecture estim\u00e9e":"3 minutes"},"schema":{"@context":"https:\/\/schema.org","@graph":[{"@type":"WebPage","@id":"https:\/\/kadiandu.org\/fr\/certificat-de-don\/","url":"https:\/\/kadiandu.org\/fr\/certificat-de-don\/","name":"CERTIFICAT DE DON - Kadiandu - ONG","isPartOf":{"@id":"https:\/\/kadiandu.org\/fr\/#website"},"datePublished":"2023-10-28T12:48:32+00:00","dateModified":"2024-03-16T19:57:27+00:00","description":"Kadiand\u00fa est un projet de sant\u00e9 (ONG) qui fournit un soutien en mati\u00e8re de soins de sant\u00e9 et d'enseignement \u00e0 l'h\u00f4pital Thionk Essyl, au S\u00e9n\u00e9gal.","breadcrumb":{"@id":"https:\/\/kadiandu.org\/fr\/certificat-de-don\/#breadcrumb"},"inLanguage":"fr-FR","potentialAction":[{"@type":"ReadAction","target":["https:\/\/kadiandu.org\/fr\/certificat-de-don\/"]}]},{"@type":"BreadcrumbList","@id":"https:\/\/kadiandu.org\/fr\/certificat-de-don\/#breadcrumb","itemListElement":[{"@type":"ListItem","position":1,"name":"Portada","item":"https:\/\/kadiandu.org\/fr\/"},{"@type":"ListItem","position":2,"name":"CERTIFICAT DE DON"}]},{"@type":"WebSite","@id":"https:\/\/kadiandu.org\/fr\/#website","url":"https:\/\/kadiandu.org\/fr\/","name":"Kadiandu - ONG","description":"Kadiandu","alternateName":"Kadiandu - ONG","potentialAction":[{"@type":"SearchAction","target":{"@type":"EntryPoint","urlTemplate":"https:\/\/kadiandu.org\/fr\/?s={search_term_string}"},"query-input":{"@type":"PropertyValueSpecification","valueRequired":true,"valueName":"search_term_string"}}],"inLanguage":"fr-FR"}]}},"campaignId":"","_links":{"self":[{"href":"https:\/\/kadiandu.org\/fr\/wp-json\/wp\/v2\/pages\/2898","targetHints":{"allow":["GET"]}}],"collection":[{"href":"https:\/\/kadiandu.org\/fr\/wp-json\/wp\/v2\/pages"}],"about":[{"href":"https:\/\/kadiandu.org\/fr\/wp-json\/wp\/v2\/types\/page"}],"author":[{"embeddable":true,"href":"https:\/\/kadiandu.org\/fr\/wp-json\/wp\/v2\/users\/1"}],"replies":[{"embeddable":true,"href":"https:\/\/kadiandu.org\/fr\/wp-json\/wp\/v2\/comments?post=2898"}],"version-history":[{"count":9,"href":"https:\/\/kadiandu.org\/fr\/wp-json\/wp\/v2\/pages\/2898\/revisions"}],"predecessor-version":[{"id":3333,"href":"https:\/\/kadiandu.org\/fr\/wp-json\/wp\/v2\/pages\/2898\/revisions\/3333"}],"wp:attachment":[{"href":"https:\/\/kadiandu.org\/fr\/wp-json\/wp\/v2\/media?parent=2898"}],"curies":[{"name":"wp","href":"https:\/\/api.w.org\/{rel}","templated":true}]}}