{"id":2887,"date":"2018-10-21T09:43:00","date_gmt":"2018-10-21T09:43:00","guid":{"rendered":"https:\/\/kadiandu.org\/que-hacemos\/"},"modified":"2023-11-25T11:01:20","modified_gmt":"2023-11-25T11:01:20","slug":"que-hacemos","status":"publish","type":"page","link":"https:\/\/kadiandu.org\/es\/que-hacemos\/","title":{"rendered":"QU\u00c9 HACEMOS"},"content":{"rendered":"<p>[et_pb_section fb_built=\u00bb1&#8243; fullwidth=\u00bbon\u00bb next_background_color=\u00bb#ffffff\u00bb admin_label=\u00bbHeader Section\u00bb _builder_version=\u00bb4.22.2&#8243; background_color=\u00bbRGBA(255,255,255,0)\u00bb background_image=\u00bbhttps:\/\/kadiandu.org\/wp-content\/uploads\/2023\/10\/que-fem-Kadiandu-02.jpg\u00bb top_divider_style_tablet=\u00bb\u00bb top_divider_style_phone=\u00bb\u00bb top_divider_style_last_edited=\u00bbon|desktop\u00bb bottom_divider_style=\u00bbramp\u00bb bottom_divider_height=\u00bb0px\u00bb bottom_divider_flip=\u00bbhorizontal\u00bb global_colors_info=\u00bb{}\u00bb][et_pb_fullwidth_header title=\u00bbQUE HACEMOS\u00bb text_orientation=\u00bbcenter\u00bb content_max_width=\u00bb640px\u00bb _builder_version=\u00bb4.23&#8243; title_font=\u00bbAllerta Stencil|||on|||||\u00bb title_text_color=\u00bb#FFFFFF\u00bb title_font_size=\u00bb54px\u00bb title_letter_spacing=\u00bb3px\u00bb title_line_height=\u00bb1.3em\u00bb content_font=\u00bbAllerta Stencil||||||||\u00bb content_font_size=\u00bb16px\u00bb content_line_height=\u00bb1.4em\u00bb subhead_font=\u00bbAllerta Stencil|700|||||||\u00bb subhead_font_size=\u00bb60px\u00bb subhead_line_height=\u00bb1.1em\u00bb background_color=\u00bbRGBA(255,255,255,0)\u00bb background_enable_image=\u00bboff\u00bb parallax=\u00bbon\u00bb custom_margin=\u00bb|||\u00bb custom_padding=\u00bb162px||162px||true|\u00bb animation_style=\u00bbzoom\u00bb animation_duration=\u00bb2000ms\u00bb animation_intensity_zoom=\u00bb4%\u00bb title_font_size_tablet=\u00bb38px\u00bb title_font_size_phone=\u00bb30px\u00bb title_font_size_last_edited=\u00bbon|phone\u00bb subhead_font_size_tablet=\u00bb\u00bb subhead_font_size_phone=\u00bb50px\u00bb subhead_font_size_last_edited=\u00bbon|desktop\u00bb global_colors_info=\u00bb{}\u00bb button_one_text_size__hover_enabled=\u00bboff\u00bb button_one_text_size__hover=\u00bbnull\u00bb button_two_text_size__hover_enabled=\u00bboff\u00bb button_two_text_size__hover=\u00bbnull\u00bb button_one_text_color__hover_enabled=\u00bboff\u00bb button_one_text_color__hover=\u00bbnull\u00bb button_two_text_color__hover_enabled=\u00bboff\u00bb button_two_text_color__hover=\u00bbnull\u00bb button_one_border_width__hover_enabled=\u00bboff\u00bb button_one_border_width__hover=\u00bbnull\u00bb button_two_border_width__hover_enabled=\u00bboff\u00bb button_two_border_width__hover=\u00bbnull\u00bb button_one_border_color__hover_enabled=\u00bboff\u00bb button_one_border_color__hover=\u00bbnull\u00bb button_two_border_color__hover_enabled=\u00bboff\u00bb button_two_border_color__hover=\u00bbnull\u00bb button_one_border_radius__hover_enabled=\u00bbon\u00bb button_one_border_radius__hover=\u00bb100px\u00bb button_two_border_radius__hover_enabled=\u00bboff\u00bb button_two_border_radius__hover=\u00bbnull\u00bb button_one_letter_spacing__hover_enabled=\u00bboff\u00bb button_one_letter_spacing__hover=\u00bbnull\u00bb button_two_letter_spacing__hover_enabled=\u00bboff\u00bb button_two_letter_spacing__hover=\u00bbnull\u00bb button_one_bg_color__hover_enabled=\u00bbon\u00bb button_one_bg_color__hover=\u00bb#cc8d66&#8243; button_two_bg_color__hover_enabled=\u00bbon\u00bb button_two_bg_color__hover=\u00bb#d29f68&#8243;][\/et_pb_fullwidth_header][\/et_pb_section][et_pb_section fb_built=\u00bb1&#8243; admin_label=\u00bbAbout Section\u00bb _builder_version=\u00bb4.16&#8243; custom_margin=\u00bb0px|||||\u00bb custom_padding=\u00bb80px|0px|80px|0px|true|false\u00bb global_colors_info=\u00bb{}\u00bb][et_pb_row column_structure=\u00bb2_5,3_5&#8243; _builder_version=\u00bb4.16&#8243; background_size=\u00bbinitial\u00bb background_position=\u00bbtop_left\u00bb background_repeat=\u00bbrepeat\u00bb global_colors_info=\u00bb{}\u00bb][et_pb_column type=\u00bb2_5&#8243; _builder_version=\u00bb4.16&#8243; custom_padding=\u00bb|||\u00bb global_colors_info=\u00bb{}\u00bb custom_padding__hover=\u00bb|||\u00bb][et_pb_text _builder_version=\u00bb4.22.2&#8243; text_font=\u00bbZilla Slab Highlight||||||||\u00bb text_text_color=\u00bb#2fa5f9&#8243; text_font_size=\u00bb30px\u00bb text_line_height=\u00bb1em\u00bb header_font=\u00bbZilla Slab Highlight||||||||\u00bb header_text_color=\u00bb#2fa5f9&#8243; header_2_font=\u00bbZilla Slab Highlight|700|||||||\u00bb header_2_text_color=\u00bb#2fa5f9&#8243; header_2_font_size=\u00bb50px\u00bb header_2_line_height=\u00bb1.5em\u00bb header_3_font=\u00bbZilla Slab Highlight|700|||||||\u00bb header_3_text_color=\u00bb#2fa5f9&#8243; header_3_font_size=\u00bb42px\u00bb header_3_line_height=\u00bb1.5em\u00bb header_4_font=\u00bbAlegreya Sans||||||||\u00bb header_5_font=\u00bbAlegreya Sans|||on|||||\u00bb header_5_text_color=\u00bb#2fa5f9&#8243; header_5_font_size=\u00bb20px\u00bb header_5_letter_spacing=\u00bb3px\u00bb header_6_font=\u00bbAlegreya Sans||||||||\u00bb max_width=\u00bb600px\u00bb max_width_tablet=\u00bb\u00bb max_width_phone=\u00bb\u00bb max_width_last_edited=\u00bbon|phone\u00bb custom_margin_tablet=\u00bb|70px||70px\u00bb custom_margin_phone=\u00bb|50px||50px\u00bb custom_margin_last_edited=\u00bboff|desktop\u00bb text_line_height_last_edited=\u00bboff|desktop\u00bb global_colors_info=\u00bb{}\u00bb]<\/p>\n<h3 style=\"text-align: center;\"><span style=\"color: #2fa5f9;\">NUESTRA ACTIVIDAD<\/span><\/h3>\n<p>[\/et_pb_text][\/et_pb_column][et_pb_column type=\u00bb3_5&#8243; _builder_version=\u00bb4.16&#8243; custom_padding=\u00bb|||\u00bb global_colors_info=\u00bb{}\u00bb custom_padding__hover=\u00bb|||\u00bb][et_pb_text _builder_version=\u00bb4.22.2&#8243; text_font=\u00bbAllerta Stencil||||||||\u00bb text_text_color=\u00bb#000000&#8243; text_font_size=\u00bb18px\u00bb text_line_height=\u00bb2em\u00bb header_font=\u00bbAlegreya Sans||||||||\u00bb header_2_font=\u00bbAlegreya Sans|700|||||||\u00bb header_2_font_size=\u00bb50px\u00bb header_2_line_height=\u00bb1.5em\u00bb header_3_font=\u00bbAlegreya Sans||||||||\u00bb header_4_font=\u00bbAlegreya Sans||||||||\u00bb header_5_font=\u00bbAlegreya Sans|||on|||||\u00bb header_5_text_color=\u00bbrgba(0,0,0,0.4)\u00bb header_5_font_size=\u00bb20px\u00bb header_5_letter_spacing=\u00bb3px\u00bb header_6_font=\u00bbAlegreya Sans||||||||\u00bb max_width=\u00bb600px\u00bb max_width_tablet=\u00bb\u00bb max_width_phone=\u00bb\u00bb max_width_last_edited=\u00bbon|phone\u00bb custom_margin_tablet=\u00bb|70px||70px\u00bb custom_margin_phone=\u00bb|50px||50px\u00bb custom_margin_last_edited=\u00bboff|desktop\u00bb text_line_height_last_edited=\u00bboff|desktop\u00bb global_colors_info=\u00bb{}\u00bb]<\/p>\n<p>Kadiand\u00fa es un proyecto sanitario (ONG) que apoya asistencial y de docencia en el hospital Thionk Essyl situado en la zona de Casamance al sur de Senegal.<br \/>Para organizar las campa\u00f1as sanitarias anuales se forman grupos de 12-13 profesionales, cirujanos, enfermeras quir\u00fargicas, anestesi\u00f3logos, logista y fisioterapeutas.<br \/>Dentro del \u00e1mbito de la docencia y con el apoyo de la universidad de Ziguinchor, se hace formaci\u00f3n a los estudiantes de medicina, enfermer\u00eda y equipos sanitarios locales, con el objetivo de fidelizar a nuevos profesionales fomentando su autonom\u00eda para realizar peque\u00f1as cirug\u00edas durante todo a\u00f1o y asegurar la continuidad de la actividad quir\u00fargica en el futuro.<br \/>Tenemos una unidad de fisioterapia por el tratamiento de lesiones por posturas extremas que provocan dolor; est\u00e1 enfocado a pacientes activos que necesitan trabajar y tambi\u00e9n a aquellos que necesitan mejorar su calidad de vida.<br \/>Ense\u00f1amos ejercicios y h\u00e1bitos saludables para la prevenci\u00f3n de hernias y damos consejos posturales para paliar el dolor, sobre todo a las mujeres que lo sufren a sus espaldas.<br \/>Kadiand\u00fa tambi\u00e9n colabora aportando el material m\u00e9dico fungible y no fungible por las campa\u00f1as, que proviene de adquisiciones y donaciones de hospitales y empresas p\u00fablicas y privadas.<br \/>Kadiand\u00fa colabora en el mantenimiento de las infraestructuras del hospital de Thionk Essyl.<\/p>\n<p>[\/et_pb_text][\/et_pb_column][\/et_pb_row][et_pb_row column_structure=\u00bb2_5,3_5&#8243; _builder_version=\u00bb4.16&#8243; background_size=\u00bbinitial\u00bb background_position=\u00bbtop_left\u00bb background_repeat=\u00bbrepeat\u00bb global_colors_info=\u00bb{}\u00bb][et_pb_column type=\u00bb2_5&#8243; _builder_version=\u00bb4.16&#8243; custom_padding=\u00bb|||\u00bb global_colors_info=\u00bb{}\u00bb custom_padding__hover=\u00bb|||\u00bb][et_pb_text _builder_version=\u00bb4.22.2&#8243; text_font=\u00bbZilla Slab Highlight||||||||\u00bb text_font_size=\u00bb30px\u00bb text_line_height=\u00bb1em\u00bb header_font=\u00bbZilla Slab Highlight||||||||\u00bb header_2_font=\u00bbZilla Slab Highlight|700|||||||\u00bb header_2_font_size=\u00bb50px\u00bb header_2_line_height=\u00bb1.5em\u00bb header_3_font=\u00bbZilla Slab Highlight|700|||||||\u00bb header_3_font_size=\u00bb42px\u00bb header_3_line_height=\u00bb1.5em\u00bb header_4_font=\u00bbZilla Slab Highlight||||||||\u00bb header_5_font=\u00bbZilla Slab Highlight|||on|||||\u00bb header_5_text_color=\u00bb#2fa5f9&#8243; header_5_font_size=\u00bb20px\u00bb header_5_letter_spacing=\u00bb3px\u00bb header_6_font=\u00bbAlegreya Sans||||||||\u00bb max_width=\u00bb600px\u00bb max_width_tablet=\u00bb\u00bb max_width_phone=\u00bb\u00bb max_width_last_edited=\u00bbon|phone\u00bb custom_margin_tablet=\u00bb|70px||70px\u00bb custom_margin_phone=\u00bb|50px||50px\u00bb custom_margin_last_edited=\u00bboff|desktop\u00bb text_line_height_last_edited=\u00bboff|desktop\u00bb global_colors_info=\u00bb{}\u00bb]<\/p>\n<h3 style=\"text-align: center;\"><span style=\"color: #2fa5f9;\">PORQUE LO HACEMOS<\/span><\/h3>\n<p>[\/et_pb_text][\/et_pb_column][et_pb_column type=\u00bb3_5&#8243; _builder_version=\u00bb4.16&#8243; custom_padding=\u00bb|||\u00bb global_colors_info=\u00bb{}\u00bb custom_padding__hover=\u00bb|||\u00bb][et_pb_text _builder_version=\u00bb4.22.2&#8243; text_font=\u00bbAllerta Stencil||||||||\u00bb text_text_color=\u00bb#000000&#8243; text_font_size=\u00bb18px\u00bb text_line_height=\u00bb2em\u00bb header_font=\u00bbAlegreya Sans||||||||\u00bb header_2_font=\u00bbAlegreya Sans|700|||||||\u00bb header_2_font_size=\u00bb50px\u00bb header_2_line_height=\u00bb1.5em\u00bb header_3_font=\u00bbAlegreya Sans||||||||\u00bb header_4_font=\u00bbAlegreya Sans||||||||\u00bb header_5_font=\u00bbAlegreya Sans|||on|||||\u00bb header_5_text_color=\u00bbrgba(0,0,0,0.4)\u00bb header_5_font_size=\u00bb20px\u00bb header_5_letter_spacing=\u00bb3px\u00bb header_6_font=\u00bbAlegreya Sans||||||||\u00bb max_width=\u00bb600px\u00bb max_width_tablet=\u00bb\u00bb max_width_phone=\u00bb\u00bb max_width_last_edited=\u00bbon|phone\u00bb custom_margin_tablet=\u00bb|70px||70px\u00bb custom_margin_phone=\u00bb|50px||50px\u00bb custom_margin_last_edited=\u00bboff|desktop\u00bb text_line_height_last_edited=\u00bboff|desktop\u00bb global_colors_info=\u00bb{}\u00bb]<\/p>\n<p>La voluntad de servicio y apoyar a quien lo necesita forma parte de nuestros valores y es nuestro principal objetivo.<br \/>Kadiand\u00fa desarrolla su actividad en el sur de Senegal en el pueblo de Thionk Essyl en la Casamance, una zona vulnerable, con muy pocos recursos, ni inversiones del gobierno.<br \/>La actividad quir\u00fargica en la zona no existe, casi siempre los derivan en la capital Ziguinchor situada a 65 Km.<br \/>La poblaci\u00f3n vive principalmente del cultivo de la tierra y la pesca, no tienen soporte de maquinaria ni de animales para realizar estas tareas y las personas hacen un gran esfuerzo y se hernian. Convivir con una hernia no es f\u00e1cil, en ocasiones deben dejar de trabajar y ser sustituidos por sus hijos.<br \/>El coste econ\u00f3mico de una intervenci\u00f3n quir\u00fargica es totalmente inalcanzable para ellos, y el traslado al hospital central de la capital por carreteras intransitables resulta muy complicado. Muchos de los pacientes optan por malvivir con su patolog\u00eda durante a\u00f1os, si no vamos, no son intervenidos.<br \/>Los quistes y malformaciones, son de larga evoluci\u00f3n. Encontramos pacientes con m\u00e1s de 8 quistes localizados en una extremidad o en la cabeza, son de grandes dimensiones y les producen dolor adem\u00e1s de afectar a su movilidad y autoestima.<br \/>Actualmente en Kadiand\u00fa no podemos plantearnos otro tipo de cirug\u00edas, debido a las carencias que tiene el bloque quir\u00fargico y la falta de control postoperatorio una vez marchamos.<\/p>\n<p>[\/et_pb_text][\/et_pb_column][\/et_pb_row][\/et_pb_section][et_pb_section fb_built=\u00bb1&#8243; _builder_version=\u00bb4.22.2&#8243; _module_preset=\u00bbdefault\u00bb global_colors_info=\u00bb{}\u00bb][et_pb_row _builder_version=\u00bb4.22.2&#8243; _module_preset=\u00bbdefault\u00bb global_colors_info=\u00bb{}\u00bb][et_pb_column type=\u00bb4_4&#8243; _builder_version=\u00bb4.22.2&#8243; _module_preset=\u00bbdefault\u00bb global_colors_info=\u00bb{}\u00bb][et_pb_video src=\u00bbhttps:\/\/www.youtube.com\/watch?v=9R27TL45GdI\u00bb _builder_version=\u00bb4.22.2&#8243; _module_preset=\u00bbdefault\u00bb global_colors_info=\u00bb{}\u00bb][\/et_pb_video][\/et_pb_column][\/et_pb_row][\/et_pb_section][et_pb_section fb_built=\u00bb1&#8243; _builder_version=\u00bb4.22.2&#8243; background_image=\u00bbhttps:\/\/kadiandu.org\/wp-content\/uploads\/2023\/10\/com-ajudar-kadiandu.jpg\u00bb custom_padding=\u00bb79px|0px|117px|0px|false|false\u00bb global_colors_info=\u00bb{}\u00bb][et_pb_row column_structure=\u00bb1_2,1_2&#8243; _builder_version=\u00bb4.23&#8243; _module_preset=\u00bbdefault\u00bb global_colors_info=\u00bb{}\u00bb][et_pb_column type=\u00bb1_2&#8243; _builder_version=\u00bb4.23&#8243; _module_preset=\u00bbdefault\u00bb global_colors_info=\u00bb{}\u00bb][et_pb_button button_url=\u00bbhttps:\/\/kadiandu.org\/es\/colabora\/\u00bb button_text=\u00bbDONA AHORA\u00bb button_alignment=\u00bbcenter\u00bb _builder_version=\u00bb4.23&#8243; _module_preset=\u00bbdefault\u00bb custom_button=\u00bbon\u00bb button_text_size=\u00bb24px\u00bb button_text_color=\u00bb#FFFFFF\u00bb button_bg_color=\u00bb#2fa5f9&#8243; button_border_radius=\u00bb5px\u00bb button_icon=\u00bb&#x3d;||divi||400&#8243; custom_margin=\u00bb||||false|false\u00bb custom_padding=\u00bb||||false|false\u00bb global_module=\u00bb2247&#8243; global_colors_info=\u00bb{}\u00bb][\/et_pb_button][\/et_pb_column][et_pb_column type=\u00bb1_2&#8243; _builder_version=\u00bb4.23&#8243; _module_preset=\u00bbdefault\u00bb global_colors_info=\u00bb{}\u00bb][et_pb_button button_url=\u00bbhttps:\/\/kadiandu.org\/es\/hazte-socia-o\/\u00bb button_text=\u00bbHAZTE SOCIA\/O\u00bb button_alignment=\u00bbcenter\u00bb _builder_version=\u00bb4.23&#8243; _module_preset=\u00bbdefault\u00bb custom_button=\u00bbon\u00bb button_text_size=\u00bb24px\u00bb button_text_color=\u00bb#FFFFFF\u00bb button_bg_color=\u00bb#186a3a\u00bb button_border_radius=\u00bb5px\u00bb button_icon=\u00bb&#x3d;||divi||400&#8243; custom_margin=\u00bb||||false|false\u00bb custom_padding=\u00bb||||false|false\u00bb global_module=\u00bb2245&#8243; global_colors_info=\u00bb{}\u00bb][\/et_pb_button][\/et_pb_column][\/et_pb_row][\/et_pb_section]<\/p>\n","protected":false},"excerpt":{"rendered":"<p>NUESTRA ACTIVIDADKadiand\u00fa es un proyecto sanitario (ONG) que apoya asistencial y de docencia en el hospital Thionk Essyl situado en la zona de Casamance al sur de Senegal.Para organizar las [&hellip;]<\/p>\n","protected":false},"author":1,"featured_media":0,"parent":0,"menu_order":0,"comment_status":"closed","ping_status":"closed","template":"","meta":{"give_campaign_id":0,"_et_pb_use_builder":"on","_et_pb_old_content":"","_et_gb_content_width":"","ngg_post_thumbnail":0,"footnotes":""},"class_list":["post-2887","page","type-page","status-publish","hentry"],"yoast_head":"<!-- This site is optimized with the Yoast SEO plugin v27.1.1 - https:\/\/yoast.com\/product\/yoast-seo-wordpress\/ -->\n<title>QU\u00c9 HACEMOS - Kadiandu - ONG<\/title>\n<meta name=\"description\" content=\"Kadiand\u00fa es un proyecto sanitario (ONG) que apoya asistencial y de docencia en el hospital Thionk Essyl\" \/>\n<meta name=\"robots\" content=\"index, follow, max-snippet:-1, max-image-preview:large, max-video-preview:-1\" \/>\n<link rel=\"canonical\" href=\"https:\/\/kadiandu.org\/es\/que-hacemos\/\" \/>\n<meta property=\"og:locale\" content=\"es_ES\" \/>\n<meta property=\"og:type\" content=\"article\" \/>\n<meta property=\"og:title\" content=\"QU\u00c9 HACEMOS - Kadiandu - ONG\" \/>\n<meta property=\"og:description\" content=\"Kadiand\u00fa es un proyecto sanitario (ONG) que apoya asistencial y de docencia en el hospital Thionk Essyl\" \/>\n<meta property=\"og:url\" content=\"https:\/\/kadiandu.org\/es\/que-hacemos\/\" \/>\n<meta property=\"og:site_name\" content=\"Kadiandu - ONG\" \/>\n<meta property=\"article:modified_time\" content=\"2023-11-25T11:01:20+00:00\" \/>\n<meta name=\"twitter:card\" content=\"summary_large_image\" \/>\n<meta name=\"twitter:label1\" content=\"Tiempo de lectura\" \/>\n\t<meta name=\"twitter:data1\" content=\"9 minutos\" \/>\n<script type=\"application\/ld+json\" class=\"yoast-schema-graph\">{\"@context\":\"https:\/\/schema.org\",\"@graph\":[{\"@type\":\"WebPage\",\"@id\":\"https:\/\/kadiandu.org\/es\/que-hacemos\/\",\"url\":\"https:\/\/kadiandu.org\/es\/que-hacemos\/\",\"name\":\"QU\u00c9 HACEMOS - Kadiandu - ONG\",\"isPartOf\":{\"@id\":\"https:\/\/kadiandu.org\/es\/#website\"},\"datePublished\":\"2018-10-21T09:43:00+00:00\",\"dateModified\":\"2023-11-25T11:01:20+00:00\",\"description\":\"Kadiand\u00fa es un proyecto sanitario (ONG) que apoya asistencial y de docencia en el hospital Thionk Essyl\",\"breadcrumb\":{\"@id\":\"https:\/\/kadiandu.org\/es\/que-hacemos\/#breadcrumb\"},\"inLanguage\":\"es\",\"potentialAction\":[{\"@type\":\"ReadAction\",\"target\":[\"https:\/\/kadiandu.org\/es\/que-hacemos\/\"]}]},{\"@type\":\"BreadcrumbList\",\"@id\":\"https:\/\/kadiandu.org\/es\/que-hacemos\/#breadcrumb\",\"itemListElement\":[{\"@type\":\"ListItem\",\"position\":1,\"name\":\"Portada\",\"item\":\"https:\/\/kadiandu.org\/es\/\"},{\"@type\":\"ListItem\",\"position\":2,\"name\":\"QU\u00c9 HACEMOS\"}]},{\"@type\":\"WebSite\",\"@id\":\"https:\/\/kadiandu.org\/es\/#website\",\"url\":\"https:\/\/kadiandu.org\/es\/\",\"name\":\"Kadiandu - ONG\",\"description\":\"Kadiandu\",\"alternateName\":\"Kadiandu - ONG\",\"potentialAction\":[{\"@type\":\"SearchAction\",\"target\":{\"@type\":\"EntryPoint\",\"urlTemplate\":\"https:\/\/kadiandu.org\/es\/?s={search_term_string}\"},\"query-input\":{\"@type\":\"PropertyValueSpecification\",\"valueRequired\":true,\"valueName\":\"search_term_string\"}}],\"inLanguage\":\"es\"}]}<\/script>\n<!-- \/ Yoast SEO plugin. -->","yoast_head_json":{"title":"QU\u00c9 HACEMOS - Kadiandu - ONG","description":"Kadiand\u00fa es un proyecto sanitario (ONG) que apoya asistencial y de docencia en el hospital Thionk Essyl","robots":{"index":"index","follow":"follow","max-snippet":"max-snippet:-1","max-image-preview":"max-image-preview:large","max-video-preview":"max-video-preview:-1"},"canonical":"https:\/\/kadiandu.org\/es\/que-hacemos\/","og_locale":"es_ES","og_type":"article","og_title":"QU\u00c9 HACEMOS - Kadiandu - ONG","og_description":"Kadiand\u00fa es un proyecto sanitario (ONG) que apoya asistencial y de docencia en el hospital Thionk Essyl","og_url":"https:\/\/kadiandu.org\/es\/que-hacemos\/","og_site_name":"Kadiandu - ONG","article_modified_time":"2023-11-25T11:01:20+00:00","twitter_card":"summary_large_image","twitter_misc":{"Tiempo de lectura":"9 minutos"},"schema":{"@context":"https:\/\/schema.org","@graph":[{"@type":"WebPage","@id":"https:\/\/kadiandu.org\/es\/que-hacemos\/","url":"https:\/\/kadiandu.org\/es\/que-hacemos\/","name":"QU\u00c9 HACEMOS - Kadiandu - ONG","isPartOf":{"@id":"https:\/\/kadiandu.org\/es\/#website"},"datePublished":"2018-10-21T09:43:00+00:00","dateModified":"2023-11-25T11:01:20+00:00","description":"Kadiand\u00fa es un proyecto sanitario (ONG) que apoya asistencial y de docencia en el hospital Thionk Essyl","breadcrumb":{"@id":"https:\/\/kadiandu.org\/es\/que-hacemos\/#breadcrumb"},"inLanguage":"es","potentialAction":[{"@type":"ReadAction","target":["https:\/\/kadiandu.org\/es\/que-hacemos\/"]}]},{"@type":"BreadcrumbList","@id":"https:\/\/kadiandu.org\/es\/que-hacemos\/#breadcrumb","itemListElement":[{"@type":"ListItem","position":1,"name":"Portada","item":"https:\/\/kadiandu.org\/es\/"},{"@type":"ListItem","position":2,"name":"QU\u00c9 HACEMOS"}]},{"@type":"WebSite","@id":"https:\/\/kadiandu.org\/es\/#website","url":"https:\/\/kadiandu.org\/es\/","name":"Kadiandu - ONG","description":"Kadiandu","alternateName":"Kadiandu - ONG","potentialAction":[{"@type":"SearchAction","target":{"@type":"EntryPoint","urlTemplate":"https:\/\/kadiandu.org\/es\/?s={search_term_string}"},"query-input":{"@type":"PropertyValueSpecification","valueRequired":true,"valueName":"search_term_string"}}],"inLanguage":"es"}]}},"campaignId":"","_links":{"self":[{"href":"https:\/\/kadiandu.org\/es\/wp-json\/wp\/v2\/pages\/2887","targetHints":{"allow":["GET"]}}],"collection":[{"href":"https:\/\/kadiandu.org\/es\/wp-json\/wp\/v2\/pages"}],"about":[{"href":"https:\/\/kadiandu.org\/es\/wp-json\/wp\/v2\/types\/page"}],"author":[{"embeddable":true,"href":"https:\/\/kadiandu.org\/es\/wp-json\/wp\/v2\/users\/1"}],"replies":[{"embeddable":true,"href":"https:\/\/kadiandu.org\/es\/wp-json\/wp\/v2\/comments?post=2887"}],"version-history":[{"count":4,"href":"https:\/\/kadiandu.org\/es\/wp-json\/wp\/v2\/pages\/2887\/revisions"}],"predecessor-version":[{"id":3264,"href":"https:\/\/kadiandu.org\/es\/wp-json\/wp\/v2\/pages\/2887\/revisions\/3264"}],"wp:attachment":[{"href":"https:\/\/kadiandu.org\/es\/wp-json\/wp\/v2\/media?parent=2887"}],"curies":[{"name":"wp","href":"https:\/\/api.w.org\/{rel}","templated":true}]}}