{"id":2886,"date":"2018-08-31T06:04:51","date_gmt":"2018-08-31T06:04:51","guid":{"rendered":"https:\/\/kadiandu.org\/politica-de-privacidad\/"},"modified":"2023-11-25T10:59:08","modified_gmt":"2023-11-25T10:59:08","slug":"politica-de-privacidad","status":"publish","type":"page","link":"https:\/\/kadiandu.org\/es\/politica-de-privacidad\/","title":{"rendered":"POL\u00cdTICA DE PRIVACIDAD"},"content":{"rendered":"<p><strong>1. RESPONSABLE DEL TRATAMIENTO DE TUS DATOS<\/strong><br \/>\nAsociaci\u00f3n Kadiandu, con domicilio en C\/Guerau de Liost, 10 1-3 08017 Barcelona&nbsp; , Espa\u00f1a.<\/p>\n<p><strong>2. DELEGADO DE PROTECCI\u00d3N DE DATOS<\/strong><br \/>\nPuedes contactar con nuestro delegado de Protecci\u00f3n de Datos en la direcci\u00f3n postal de Asociaci\u00f3n Kadiandu, o en la direcci\u00f3n electr\u00f3nica info@kadiandu.org<\/p>\n<p>3<strong>. C\u00d3MO HEMOS OBTENIDO TUS DATOS<\/strong><br \/>\nSi no hemos tenido relaci\u00f3n con anterioridad, obtenemos tus datos a trav\u00e9s del presente formulario y los trataremos junto con los datos que nos facilites durante tu relaci\u00f3n con nosotros.<br \/>\nSi ya hemos tenido relaci\u00f3n con anterioridad, los datos de que disponemos se han obtenido a trav\u00e9s de las relaciones previas que has mantenido con Asociaci\u00f3n Kadiandu o con motivo de las relaciones que actualmente mantienes con nuestra entidad, bien por tu condici\u00f3n de socio o socia, haber estado dando o haber participado en alguna de nuestras campa\u00f1as, bien por haber solicitado que te remitimos informaci\u00f3n sobre nuestras actividades, campa\u00f1as e iniciativas.<br \/>\nSi sus datos los hemos obtenido de un tercero, en la comunicaci\u00f3n que acompa\u00f1a a esta pol\u00edtica de privacidad, te informamos del origen de tus datos y las categor\u00edas de los datos facilitados.<\/p>\n<p><strong>4. QU\u00c9 DATOS TRATAMOS, POR QU\u00c9 Y POR QU\u00c9 MOTIVO<\/strong><br \/>\n4.1. SI ERES UNA PERSONA F\u00cdSICA<br \/>\nQU\u00c9 DATOS PERSONALES TUS TRATAMOS<br \/>\nLos datos que trataremos para las finalidades leg\u00edtimas que m\u00e1s adelante se explican son los siguientes:<br \/>\n&#8211; Datos necesarios para mantener la relaci\u00f3n contigo: nombre, apellidos, edad, sexo, idioma de preferencia, correo electr\u00f3nico, tel\u00e9fono, direcci\u00f3n postal, aportaci\u00f3n econ\u00f3mica, NIF.<br \/>\n&#8211; En caso de que nos los hayas facilitado voluntariamente durante las relaciones previas mantenidas contigo, tambi\u00e9n podemos disponer de los siguientes datos: entorno familiar, profesi\u00f3n, datos de la iniciativa o boda solidaria (lugar, fecha, objetivo, intereses).<br \/>\nTambi\u00e9n le informamos que trataremos aquellos datos adicionales que voluntariamente nos facilites durante las futuras relaciones e interacciones que mantengas con Asociaci\u00f3n Kadiandu, incluidos los que nos aportes mediante una red social u otra aplicaci\u00f3n. Estos datos dependen de tu propia configuraci\u00f3n de privacidad, uso de la red social o aplicaci\u00f3n, as\u00ed como de las pol\u00edticas de privacidad propias de cada red social o aplicaci\u00f3n, por lo que te recomendamos que las leas con atenci\u00f3n antes de facilitarnos datos a trav\u00e9s de estas redes sociales o aplicaciones<\/p>\n<p><strong>PARA QU\u00c9 TRATAMOS TUS DATOS PERSONALES<\/strong><br \/>\nPara entablar una relaci\u00f3n de colaboraci\u00f3n contigo que haga posible cumplir con nuestros objetivos fundacionales de prestar ayuda m\u00e9dica quir\u00fargica a la Casamace. Tratamos los datos de nuestros socios, donantes, activistas, y otras personas que hayan solicitado informaci\u00f3n sobre nuestro trabajo para las siguientes actividades concretas:<br \/>\n&#8211; Enviar informaci\u00f3n sobre Asociaci\u00f3n Kadiandu por SMS, tel\u00e9fono, correo postal, correo electr\u00f3nico o mensajer\u00eda instant\u00e1nea.<br \/>\n&#8211; Solicitar donativos, incrementos de cuota y otros tipos de participaci\u00f3n (firmar en campa\u00f1as, etc.) y gestionar el cobro de estos donativos.<br \/>\n&#8211; Atender tus consultas cuando contactes con nosotros.<br \/>\n&#8211; invitarte a actos o eventos que organizamos.<br \/>\n&#8211; Realizar encuestas de satisfacci\u00f3n u organizar reuniones para realizar estudios de mercado o concursos.<br \/>\n&#8211; Gestionar la relaci\u00f3n contigo.<br \/>\n&#8211; Gestionar la actividad de promoci\u00f3n que organices a favor de nuestra organizaci\u00f3n.<br \/>\n&#8211; Elaborar perfiles, con la informaci\u00f3n que t\u00fa directamente nos hayas proporcionado, que hayas hecho p\u00fablica o que est\u00e9 p\u00fablicamente disponible, a fin de asegurar la adecuada gesti\u00f3n de las actividades mencionadas anteriormente. La elaboraci\u00f3n de perfiles no se utiliza, en ning\u00fan caso, para la adopci\u00f3n de decisiones automatizadas que tengan efectos jur\u00eddicos o de otra naturaleza que puedan afectarte: en todos nuestros procesos de toma de decisi\u00f3n intervienen personas.<br \/>\n&#8211; Gestionar la actividad de promoci\u00f3n que realices a favor de nuestra organizaci\u00f3n.<br \/>\nAdicionalmente, tambi\u00e9n tratamos tus datos para el env\u00edo, incluso por medios electr\u00f3nicos, de comunicaciones sobre actividades, campa\u00f1as e iniciativas de naturaleza similar a aqu\u00e9llas en las que hayas participado con anterioridad o sobre las que nos hayas pedido informaci\u00f3n o hayas dirigido alguna solicitud en nuestra entidad.<br \/>\nPuedes oponerse a recibir este tipo de comunicaciones, ahora o en cualquier otro momento, enviando un correo electr\u00f3nico o dirigiendo una solicitud a nuestra direcci\u00f3n postal, a la atenci\u00f3n del delegado de Protecci\u00f3n de Datos.<\/p>\n<p><strong>POR QU\u00c9 MOTIVO PODEMOS TRATAR TUS DATOS PERSONALES<\/strong><br \/>\nEl tratamiento de tus datos personales, en relaci\u00f3n con el mantenimiento de tu relaci\u00f3n con Asociaci\u00f3n Kadiandu como socio, donante, activista o persona que solicita informaci\u00f3n sobre nuestras actividades, est\u00e1 legitimado al resultar necesario para dar cumplimiento a las obligaciones derivadas de esta relaci\u00f3n o para dar respuesta a tal solicitud de informaci\u00f3n.<br \/>\nEl tratamiento de tus datos personales para el env\u00edo de informaci\u00f3n sobre actividades, campa\u00f1as o iniciativas de Asociaci\u00f3n Kadiandu similares a aquellos en los que hayas participado responde a un inter\u00e9s leg\u00edtimo de nuestra entidad y est\u00e1 autorizado por la normativa vigente.<br \/>\n4.2. SI ACT\u00daAS EN REPRESENTACI\u00d3N DE UNA EMPRESA<br \/>\nQU\u00c9 DATOS PERSONALES TRATAMOS<br \/>\nLos datos que vamos a tratar para las finalidades leg\u00edtimas que m\u00e1s adelante se explican se limitan a tus datos de contacto corporativo relativos a la empresa, entidad u organizaci\u00f3n para la que trabajas o con la que colaboras.<br \/>\n<strong>PARA QU\u00c9 TRATAMOS TUS DATOS PERSONALES<\/strong><br \/>\nTratamos tus datos de contacto corporativo con la exclusiva finalidad de poder mantener las relaciones comerciales, contractuales o de colaboraci\u00f3n que Asociaci\u00f3n Kadiandu mantiene con la empresa, entidad u organizaci\u00f3n para la que trabajas o con la que colaboras.<br \/>\nAdicionalmente, tambi\u00e9n tratamos tus datos para el env\u00edo, incluyendo por medios electr\u00f3nicos, de comunicaciones sobre actividades, campa\u00f1as e iniciativas de naturaleza similar a aqu\u00e9llas en las que hayas participado con anterioridad o sobre las que nos hayas solicitado informaci\u00f3n o hayas dirigido alguna solicitud en nuestra entidad.<br \/>\nPuedes oponerse a recibir este tipo de comunicaciones ahora o en cualquier otro momento, enviando un correo electr\u00f3nico a nuestro delegado de Protecci\u00f3n de Datos o enviando una solicitud a nuestra direcci\u00f3n postal a la atenci\u00f3n del delegado de Protecci\u00f3n de Datos.<\/p>\n<p><strong>POR QU\u00c9 MOTIVO PODEMOS TRATAR TUS DATOS PERSONALES<\/strong><br \/>\nEl tratamiento de tus datos de contacto corporativo relacionados con el mantenimiento de la relaci\u00f3n de Asociaci\u00f3n Kadiandu con la empresa, entidad u organizaci\u00f3n para la que trabajas o con la que colaboras responde a un inter\u00e9s leg\u00edtimo de nuestra entidad, expresamente reconocido por la normativa sobre privacidad.<br \/>\nEl tratamiento de tus datos personales para el env\u00edo de informaci\u00f3n sobre actividades, campa\u00f1as o iniciativas Asociaci\u00f3n Kadiandu similares a aquellos en los que hayas participado responde a un inter\u00e9s leg\u00edtimo de nuestra entidad y est\u00e1 autorizado por la normativa vigente.<\/p>\n<p><strong>5. CUANDO Y POR QU\u00c9 MOTIVO PODEMOS FACILITAR TUS DATOS A TERCEROS<\/strong><br \/>\nTus datos podr\u00e1n ser cedidos a los destinatarios que se indican a continuaci\u00f3n y por los siguientes motivos:<br \/>\n&#8211; Administraciones p\u00fablicas, para el cumplimiento de las obligaciones legales a las que Asociaci\u00f3n Kadiandu est\u00e1 sujeta por su actividad.<br \/>\n&#8211; Terceros, cuando sean necesarias para cumplir con las obligaciones derivadas de las campa\u00f1as, actividades e iniciativas en las que voluntariamente participes (por ejemplo, entidades bancarias y proveedores de pasarelas de pago).<br \/>\n&#8211; Proveedores, cuando necesiten acceder a tus datos para la prestaci\u00f3n de servicios que Asociaci\u00f3n Kadiandu haya contratado con ellos, y con los que Asociaci\u00f3n Kadiandu tiene suscritos los contratos de confidencialidad y tratamiento de datos personales necesarios y exigidos por la normativa para proteger su privacidad (por ejemplo, imprentas).<br \/>\nSi en el futuro Asociaci\u00f3n Kadiandu realizara otras cesiones de datos personales, te informaremos oportunamente.<\/p>\n<p><strong>6. DURANTE CUANTO TIEMPO guardaremos tus DATOS<\/strong><br \/>\nTus datos personales se conservar\u00e1n mientras se mantenga tu relaci\u00f3n con Asociaci\u00f3n Kadiandu y, tras la finalizaci\u00f3n de esa relaci\u00f3n por cualquier causa, durante los plazos de prescripci\u00f3n legales que sean de aplicaci\u00f3n. En este supuesto, se tratar\u00e1n s\u00f3lo a efectos de acreditar el cumplimiento de nuestras obligaciones legales o contractuales. Finalizados estos plazos de prescripci\u00f3n, tus datos ser\u00e1n eliminados o, alternativamente, anonimizados.<\/p>\n<p><strong>7. CU\u00c1LES SON TUS DERECHOS<\/strong><br \/>\nPuedes ejercer tus derechos de acceso, rectificaci\u00f3n, supresi\u00f3n y portabilidad, limitaci\u00f3n y\/u oposici\u00f3n al tratamiento mediante las direcciones postal y electr\u00f3nica indicadas.<\/p>\n","protected":false},"excerpt":{"rendered":"<p>1. RESPONSABLE DEL TRATAMIENTO DE TUS DATOS Asociaci\u00f3n Kadiandu, con domicilio en C\/Guerau de Liost, 10 1-3 08017 Barcelona&nbsp; , Espa\u00f1a. 2. DELEGADO DE PROTECCI\u00d3N DE DATOS Puedes contactar con [&hellip;]<\/p>\n","protected":false},"author":1,"featured_media":0,"parent":0,"menu_order":0,"comment_status":"closed","ping_status":"open","template":"","meta":{"give_campaign_id":0,"_et_pb_use_builder":"","_et_pb_old_content":"","_et_gb_content_width":"","ngg_post_thumbnail":0,"footnotes":""},"class_list":["post-2886","page","type-page","status-publish","hentry"],"yoast_head":"<!-- This site is optimized with the Yoast SEO plugin v27.1.1 - https:\/\/yoast.com\/product\/yoast-seo-wordpress\/ -->\n<title>POL\u00cdTICA DE PRIVACIDAD - Kadiandu - ONG<\/title>\n<meta name=\"description\" content=\"POL\u00cdTICA DE PRIVACIDAD\" \/>\n<meta name=\"robots\" content=\"index, follow, max-snippet:-1, max-image-preview:large, max-video-preview:-1\" \/>\n<link rel=\"canonical\" href=\"https:\/\/kadiandu.org\/es\/politica-de-privacidad\/\" \/>\n<meta property=\"og:locale\" content=\"es_ES\" \/>\n<meta property=\"og:type\" content=\"article\" \/>\n<meta property=\"og:title\" content=\"POL\u00cdTICA DE PRIVACIDAD - Kadiandu - ONG\" \/>\n<meta property=\"og:description\" content=\"POL\u00cdTICA DE PRIVACIDAD\" \/>\n<meta property=\"og:url\" content=\"https:\/\/kadiandu.org\/es\/politica-de-privacidad\/\" \/>\n<meta property=\"og:site_name\" content=\"Kadiandu - ONG\" \/>\n<meta property=\"article:modified_time\" content=\"2023-11-25T10:59:08+00:00\" \/>\n<meta name=\"twitter:card\" content=\"summary_large_image\" \/>\n<meta name=\"twitter:label1\" content=\"Tiempo de lectura\" \/>\n\t<meta name=\"twitter:data1\" content=\"7 minutos\" \/>\n<script type=\"application\/ld+json\" class=\"yoast-schema-graph\">{\"@context\":\"https:\/\/schema.org\",\"@graph\":[{\"@type\":\"WebPage\",\"@id\":\"https:\/\/kadiandu.org\/es\/politica-de-privacidad\/\",\"url\":\"https:\/\/kadiandu.org\/es\/politica-de-privacidad\/\",\"name\":\"POL\u00cdTICA DE PRIVACIDAD - Kadiandu - ONG\",\"isPartOf\":{\"@id\":\"https:\/\/kadiandu.org\/es\/#website\"},\"datePublished\":\"2018-08-31T06:04:51+00:00\",\"dateModified\":\"2023-11-25T10:59:08+00:00\",\"description\":\"POL\u00cdTICA DE PRIVACIDAD\",\"breadcrumb\":{\"@id\":\"https:\/\/kadiandu.org\/es\/politica-de-privacidad\/#breadcrumb\"},\"inLanguage\":\"es\",\"potentialAction\":[{\"@type\":\"ReadAction\",\"target\":[\"https:\/\/kadiandu.org\/es\/politica-de-privacidad\/\"]}]},{\"@type\":\"BreadcrumbList\",\"@id\":\"https:\/\/kadiandu.org\/es\/politica-de-privacidad\/#breadcrumb\",\"itemListElement\":[{\"@type\":\"ListItem\",\"position\":1,\"name\":\"Portada\",\"item\":\"https:\/\/kadiandu.org\/es\/\"},{\"@type\":\"ListItem\",\"position\":2,\"name\":\"POL\u00cdTICA DE PRIVACIDAD\"}]},{\"@type\":\"WebSite\",\"@id\":\"https:\/\/kadiandu.org\/es\/#website\",\"url\":\"https:\/\/kadiandu.org\/es\/\",\"name\":\"Kadiandu - ONG\",\"description\":\"Kadiandu\",\"alternateName\":\"Kadiandu - ONG\",\"potentialAction\":[{\"@type\":\"SearchAction\",\"target\":{\"@type\":\"EntryPoint\",\"urlTemplate\":\"https:\/\/kadiandu.org\/es\/?s={search_term_string}\"},\"query-input\":{\"@type\":\"PropertyValueSpecification\",\"valueRequired\":true,\"valueName\":\"search_term_string\"}}],\"inLanguage\":\"es\"}]}<\/script>\n<!-- \/ Yoast SEO plugin. -->","yoast_head_json":{"title":"POL\u00cdTICA DE PRIVACIDAD - Kadiandu - ONG","description":"POL\u00cdTICA DE PRIVACIDAD","robots":{"index":"index","follow":"follow","max-snippet":"max-snippet:-1","max-image-preview":"max-image-preview:large","max-video-preview":"max-video-preview:-1"},"canonical":"https:\/\/kadiandu.org\/es\/politica-de-privacidad\/","og_locale":"es_ES","og_type":"article","og_title":"POL\u00cdTICA DE PRIVACIDAD - Kadiandu - ONG","og_description":"POL\u00cdTICA DE PRIVACIDAD","og_url":"https:\/\/kadiandu.org\/es\/politica-de-privacidad\/","og_site_name":"Kadiandu - ONG","article_modified_time":"2023-11-25T10:59:08+00:00","twitter_card":"summary_large_image","twitter_misc":{"Tiempo de lectura":"7 minutos"},"schema":{"@context":"https:\/\/schema.org","@graph":[{"@type":"WebPage","@id":"https:\/\/kadiandu.org\/es\/politica-de-privacidad\/","url":"https:\/\/kadiandu.org\/es\/politica-de-privacidad\/","name":"POL\u00cdTICA DE PRIVACIDAD - Kadiandu - ONG","isPartOf":{"@id":"https:\/\/kadiandu.org\/es\/#website"},"datePublished":"2018-08-31T06:04:51+00:00","dateModified":"2023-11-25T10:59:08+00:00","description":"POL\u00cdTICA DE PRIVACIDAD","breadcrumb":{"@id":"https:\/\/kadiandu.org\/es\/politica-de-privacidad\/#breadcrumb"},"inLanguage":"es","potentialAction":[{"@type":"ReadAction","target":["https:\/\/kadiandu.org\/es\/politica-de-privacidad\/"]}]},{"@type":"BreadcrumbList","@id":"https:\/\/kadiandu.org\/es\/politica-de-privacidad\/#breadcrumb","itemListElement":[{"@type":"ListItem","position":1,"name":"Portada","item":"https:\/\/kadiandu.org\/es\/"},{"@type":"ListItem","position":2,"name":"POL\u00cdTICA DE PRIVACIDAD"}]},{"@type":"WebSite","@id":"https:\/\/kadiandu.org\/es\/#website","url":"https:\/\/kadiandu.org\/es\/","name":"Kadiandu - ONG","description":"Kadiandu","alternateName":"Kadiandu - ONG","potentialAction":[{"@type":"SearchAction","target":{"@type":"EntryPoint","urlTemplate":"https:\/\/kadiandu.org\/es\/?s={search_term_string}"},"query-input":{"@type":"PropertyValueSpecification","valueRequired":true,"valueName":"search_term_string"}}],"inLanguage":"es"}]}},"campaignId":"","_links":{"self":[{"href":"https:\/\/kadiandu.org\/es\/wp-json\/wp\/v2\/pages\/2886","targetHints":{"allow":["GET"]}}],"collection":[{"href":"https:\/\/kadiandu.org\/es\/wp-json\/wp\/v2\/pages"}],"about":[{"href":"https:\/\/kadiandu.org\/es\/wp-json\/wp\/v2\/types\/page"}],"author":[{"embeddable":true,"href":"https:\/\/kadiandu.org\/es\/wp-json\/wp\/v2\/users\/1"}],"replies":[{"embeddable":true,"href":"https:\/\/kadiandu.org\/es\/wp-json\/wp\/v2\/comments?post=2886"}],"version-history":[{"count":1,"href":"https:\/\/kadiandu.org\/es\/wp-json\/wp\/v2\/pages\/2886\/revisions"}],"predecessor-version":[{"id":3260,"href":"https:\/\/kadiandu.org\/es\/wp-json\/wp\/v2\/pages\/2886\/revisions\/3260"}],"wp:attachment":[{"href":"https:\/\/kadiandu.org\/es\/wp-json\/wp\/v2\/media?parent=2886"}],"curies":[{"name":"wp","href":"https:\/\/api.w.org\/{rel}","templated":true}]}}