{"id":2862,"date":"2018-10-21T10:00:53","date_gmt":"2018-10-21T10:00:53","guid":{"rendered":"https:\/\/kadiandu.org\/como-ayudar\/"},"modified":"2023-11-25T10:00:05","modified_gmt":"2023-11-25T10:00:05","slug":"como-ayudar","status":"publish","type":"page","link":"https:\/\/kadiandu.org\/es\/como-ayudar\/","title":{"rendered":"C\u00d3MO AYUDAR"},"content":{"rendered":"<p>[et_pb_section fb_built=\u00bb1&#8243; fullwidth=\u00bbon\u00bb admin_label=\u00bbHeader Section\u00bb _builder_version=\u00bb4.22.2&#8243; background_color=\u00bbRGBA(255,255,255,0)\u00bb background_image=\u00bbhttps:\/\/kadiandu.org\/wp-content\/uploads\/2023\/10\/com-ajudar-kadiandu.jpg\u00bb background_enable_video_mp4=\u00bboff\u00bb bottom_divider_flip=\u00bbhorizontal\u00bb global_colors_info=\u00bb{}\u00bb][et_pb_fullwidth_header title=\u00bbC\u00d3MO AYUDAR\u00bb text_orientation=\u00bbcenter\u00bb content_max_width=\u00bb640px\u00bb _builder_version=\u00bb4.23&#8243; title_font=\u00bbAllerta Stencil|700||on|||||\u00bb title_text_color=\u00bb#FFFFFF\u00bb title_font_size=\u00bb54px\u00bb title_letter_spacing=\u00bb3px\u00bb title_line_height=\u00bb1.3em\u00bb content_font=\u00bbAlegreya Sans||||||||\u00bb content_font_size=\u00bb16px\u00bb content_line_height=\u00bb1.4em\u00bb subhead_font=\u00bbAlegreya Sans|700|||||||\u00bb subhead_font_size=\u00bb60px\u00bb subhead_line_height=\u00bb1.4em\u00bb background_color=\u00bbrgba(255,255,255,0)\u00bb background_enable_image=\u00bboff\u00bb custom_margin=\u00bb|||\u00bb custom_padding=\u00bb90px||90px||true\u00bb animation_style=\u00bbzoom\u00bb animation_duration=\u00bb2000ms\u00bb animation_intensity_zoom=\u00bb4%\u00bb title_font_size_tablet=\u00bb38px\u00bb title_font_size_phone=\u00bb30px\u00bb title_font_size_last_edited=\u00bbon|phone\u00bb subhead_font_size_tablet=\u00bb\u00bb subhead_font_size_phone=\u00bb50px\u00bb subhead_font_size_last_edited=\u00bbon|desktop\u00bb global_colors_info=\u00bb{}\u00bb button_one_text_size__hover_enabled=\u00bboff\u00bb button_one_text_size__hover=\u00bbnull\u00bb button_two_text_size__hover_enabled=\u00bboff\u00bb button_two_text_size__hover=\u00bbnull\u00bb button_one_text_color__hover_enabled=\u00bboff\u00bb button_one_text_color__hover=\u00bbnull\u00bb button_two_text_color__hover_enabled=\u00bboff\u00bb button_two_text_color__hover=\u00bbnull\u00bb button_one_border_width__hover_enabled=\u00bboff\u00bb button_one_border_width__hover=\u00bbnull\u00bb button_two_border_width__hover_enabled=\u00bboff\u00bb button_two_border_width__hover=\u00bbnull\u00bb button_one_border_color__hover_enabled=\u00bboff\u00bb button_one_border_color__hover=\u00bbnull\u00bb button_two_border_color__hover_enabled=\u00bboff\u00bb button_two_border_color__hover=\u00bbnull\u00bb button_one_border_radius__hover_enabled=\u00bbon\u00bb button_one_border_radius__hover=\u00bb100px\u00bb button_two_border_radius__hover_enabled=\u00bboff\u00bb button_two_border_radius__hover=\u00bbnull\u00bb button_one_letter_spacing__hover_enabled=\u00bboff\u00bb button_one_letter_spacing__hover=\u00bbnull\u00bb button_two_letter_spacing__hover_enabled=\u00bboff\u00bb button_two_letter_spacing__hover=\u00bbnull\u00bb button_one_bg_color__hover_enabled=\u00bbon\u00bb button_one_bg_color__hover=\u00bb#cc8d66&#8243; button_two_bg_color__hover_enabled=\u00bbon\u00bb button_two_bg_color__hover=\u00bb#d29f68&#8243;]<\/p>\n<p>&nbsp;<\/p>\n<p>&nbsp;<\/p>\n<p>[\/et_pb_fullwidth_header][\/et_pb_section][et_pb_section fb_built=\u00bb1&#8243; admin_label=\u00bbAbout Section\u00bb _builder_version=\u00bb4.16&#8243; custom_padding=\u00bb80px|0px|80px|0px|true|false\u00bb global_colors_info=\u00bb{}\u00bb][et_pb_row column_structure=\u00bb2_5,3_5&#8243; _builder_version=\u00bb4.16&#8243; background_size=\u00bbinitial\u00bb background_position=\u00bbtop_left\u00bb background_repeat=\u00bbrepeat\u00bb global_colors_info=\u00bb{}\u00bb][et_pb_column type=\u00bb2_5&#8243; _builder_version=\u00bb4.16&#8243; custom_padding=\u00bb|||\u00bb global_colors_info=\u00bb{}\u00bb custom_padding__hover=\u00bb|||\u00bb][et_pb_text _builder_version=\u00bb4.22.2&#8243; text_font=\u00bbAlegreya Sans||||||||\u00bb text_font_size=\u00bb30px\u00bb text_line_height=\u00bb1em\u00bb header_font=\u00bbAlegreya Sans||||||||\u00bb header_2_font=\u00bbAlegreya Sans|700|||||||\u00bb header_2_font_size=\u00bb50px\u00bb header_2_line_height=\u00bb1.5em\u00bb header_3_font=\u00bbZilla Slab Highlight|700|||||||\u00bb header_3_text_color=\u00bb#2fa5f9&#8243; header_3_font_size=\u00bb42px\u00bb header_3_line_height=\u00bb1.2em\u00bb header_4_font=\u00bbAlegreya Sans||||||||\u00bb header_5_font=\u00bbAlegreya Sans|||on|||||\u00bb header_5_text_color=\u00bbrgba(0,0,0,0.4)\u00bb header_5_font_size=\u00bb20px\u00bb header_5_letter_spacing=\u00bb3px\u00bb header_6_font=\u00bbAlegreya Sans||||||||\u00bb max_width=\u00bb600px\u00bb max_width_tablet=\u00bb\u00bb max_width_phone=\u00bb\u00bb max_width_last_edited=\u00bbon|phone\u00bb custom_margin_tablet=\u00bb|70px||70px\u00bb custom_margin_phone=\u00bb|50px||50px\u00bb custom_margin_last_edited=\u00bboff|desktop\u00bb text_line_height_last_edited=\u00bboff|desktop\u00bb global_colors_info=\u00bb{}\u00bb]<\/p>\n<h3 style=\"text-align: center;\">\u00bfPOR QU\u00c9 COLABORAR CON KADIAND\u00da?<\/h3>\n<p>[\/et_pb_text][\/et_pb_column][et_pb_column type=\u00bb3_5&#8243; _builder_version=\u00bb4.16&#8243; custom_padding=\u00bb|||\u00bb global_colors_info=\u00bb{}\u00bb custom_padding__hover=\u00bb|||\u00bb][et_pb_text _builder_version=\u00bb4.22.2&#8243; text_font=\u00bbAllerta Stencil||||||||\u00bb text_font_size=\u00bb18px\u00bb text_line_height=\u00bb2em\u00bb header_font=\u00bbAlegreya Sans||||||||\u00bb header_2_font=\u00bbAlegreya Sans|700|||||||\u00bb header_2_font_size=\u00bb50px\u00bb header_2_line_height=\u00bb1.5em\u00bb header_3_font=\u00bbAlegreya Sans||||||||\u00bb header_4_font=\u00bbAlegreya Sans||||||||\u00bb header_5_font=\u00bbAlegreya Sans|||on|||||\u00bb header_5_text_color=\u00bbrgba(0,0,0,0.4)\u00bb header_5_font_size=\u00bb20px\u00bb header_5_letter_spacing=\u00bb3px\u00bb header_6_font=\u00bbAlegreya Sans||||||||\u00bb max_width=\u00bb600px\u00bb max_width_tablet=\u00bb\u00bb max_width_phone=\u00bb\u00bb max_width_last_edited=\u00bbon|phone\u00bb custom_margin_tablet=\u00bb|70px||70px\u00bb custom_margin_phone=\u00bb|50px||50px\u00bb custom_margin_last_edited=\u00bboff|desktop\u00bb text_line_height_last_edited=\u00bboff|desktop\u00bb global_colors_info=\u00bb{}\u00bb]<\/p>\n<ul>\n<li>Porque nuestro compromiso es atender a las personas m\u00e1s vulnerables a una zona donde las estructuras sanitarias gubernamentales no pueden dar cobertura quir\u00fargica ni sanitaria a toda la poblaci\u00f3n .<\/li>\n<li>Porque trabajamos conjuntamente con las autoridades sanitarias del pa\u00eds y actuamos en funci\u00f3n de sus necesidades reales y no de intereses creados por nosotros.<\/li>\n<li>Porque para nosotros la transparencia, la rendici\u00f3n de cuentas, el marco \u00e9tico de nuestra pol\u00edtica de captaci\u00f3n de fondos y los valores son importantes.<\/li>\n<li>Porque nuestro trabajo sanitario y humanitario se basa en los principios de no discriminaci\u00f3n e igualdad.<\/li>\n<li>Porque la docencia en busca de su autonom\u00eda y de la no dependencia es nuestra prioridad final.<\/li>\n<li>Queremos sensibilizar a personas para que se conviertan en SOCIS y que todos juntos seamos la base estable y el pilar de nuestros recursos.<\/li>\n<\/ul>\n<p>[\/et_pb_text][\/et_pb_column][\/et_pb_row][et_pb_row column_structure=\u00bb2_5,3_5&#8243; _builder_version=\u00bb4.16&#8243; background_size=\u00bbinitial\u00bb background_position=\u00bbtop_left\u00bb background_repeat=\u00bbrepeat\u00bb global_colors_info=\u00bb{}\u00bb][et_pb_column type=\u00bb2_5&#8243; _builder_version=\u00bb4.16&#8243; custom_padding=\u00bb|||\u00bb global_colors_info=\u00bb{}\u00bb custom_padding__hover=\u00bb|||\u00bb][et_pb_text _builder_version=\u00bb4.22.2&#8243; text_font=\u00bbAlegreya Sans||||||||\u00bb text_font_size=\u00bb30px\u00bb text_line_height=\u00bb1em\u00bb header_font=\u00bbAlegreya Sans||||||||\u00bb header_2_font=\u00bbAlegreya Sans|700|||||||\u00bb header_2_font_size=\u00bb50px\u00bb header_2_line_height=\u00bb1.5em\u00bb header_3_font=\u00bbZilla Slab Highlight|700|||||||\u00bb header_3_text_color=\u00bb#2fa5f9&#8243; header_3_font_size=\u00bb42px\u00bb header_3_line_height=\u00bb1.2em\u00bb header_4_font=\u00bbAlegreya Sans||||||||\u00bb header_5_font=\u00bbAlegreya Sans|||on|||||\u00bb header_5_text_color=\u00bbrgba(0,0,0,0.4)\u00bb header_5_font_size=\u00bb20px\u00bb header_5_letter_spacing=\u00bb3px\u00bb header_6_font=\u00bbAlegreya Sans||||||||\u00bb max_width=\u00bb600px\u00bb max_width_tablet=\u00bb\u00bb max_width_phone=\u00bb\u00bb max_width_last_edited=\u00bbon|phone\u00bb custom_margin_tablet=\u00bb|70px||70px\u00bb custom_margin_phone=\u00bb|50px||50px\u00bb custom_margin_last_edited=\u00bboff|desktop\u00bb text_line_height_last_edited=\u00bboff|desktop\u00bb global_colors_info=\u00bb{}\u00bb]<\/p>\n<h3 style=\"text-align: center;\">C\u00d3MO AYUDAR<\/h3>\n<p>[\/et_pb_text][\/et_pb_column][et_pb_column type=\u00bb3_5&#8243; _builder_version=\u00bb4.16&#8243; custom_padding=\u00bb|||\u00bb global_colors_info=\u00bb{}\u00bb custom_padding__hover=\u00bb|||\u00bb][et_pb_button button_url=\u00bbhttps:\/\/kadiandu.org\/es\/colabora\/\u00bb button_text=\u00bbDONA AHORA\u00bb button_alignment=\u00bbcenter\u00bb _builder_version=\u00bb4.23&#8243; _module_preset=\u00bbdefault\u00bb custom_button=\u00bbon\u00bb button_text_size=\u00bb24px\u00bb button_text_color=\u00bb#FFFFFF\u00bb button_bg_color=\u00bb#2fa5f9&#8243; button_border_radius=\u00bb5px\u00bb button_icon=\u00bb&#x3d;||divi||400&#8243; custom_margin=\u00bb||||false|false\u00bb custom_padding=\u00bb||||false|false\u00bb global_module=\u00bb2247&#8243; saved_tabs=\u00bball\u00bb global_colors_info=\u00bb{}\u00bb][\/et_pb_button][et_pb_button button_url=\u00bbhttps:\/\/kadiandu.org\/es\/hazte-socia-o\/\u00bb button_text=\u00bbHAZTE SOCIA\/O\u00bb button_alignment=\u00bbcenter\u00bb _builder_version=\u00bb4.23&#8243; _module_preset=\u00bbdefault\u00bb custom_button=\u00bbon\u00bb button_text_size=\u00bb24px\u00bb button_text_color=\u00bb#FFFFFF\u00bb button_bg_color=\u00bb#186a3a\u00bb button_border_radius=\u00bb5px\u00bb button_icon=\u00bb&#x3d;||divi||400&#8243; custom_margin=\u00bb||||false|false\u00bb custom_padding=\u00bb||||false|false\u00bb global_module=\u00bb2245&#8243; saved_tabs=\u00bball\u00bb global_colors_info=\u00bb{}\u00bb][\/et_pb_button][\/et_pb_column][\/et_pb_row][et_pb_row column_structure=\u00bb2_5,3_5&#8243; _builder_version=\u00bb4.16&#8243; background_size=\u00bbinitial\u00bb background_position=\u00bbtop_left\u00bb background_repeat=\u00bbrepeat\u00bb global_colors_info=\u00bb{}\u00bb][et_pb_column type=\u00bb2_5&#8243; _builder_version=\u00bb4.16&#8243; custom_padding=\u00bb|||\u00bb global_colors_info=\u00bb{}\u00bb custom_padding__hover=\u00bb|||\u00bb][et_pb_text _builder_version=\u00bb4.22.2&#8243; text_font=\u00bbAlegreya Sans||||||||\u00bb text_font_size=\u00bb30px\u00bb text_line_height=\u00bb1em\u00bb header_font=\u00bbAlegreya Sans||||||||\u00bb header_2_font=\u00bbAlegreya Sans|700|||||||\u00bb header_2_font_size=\u00bb50px\u00bb header_2_line_height=\u00bb1.5em\u00bb header_3_font=\u00bbZilla Slab Highlight|700|||||||\u00bb header_3_text_color=\u00bb#2fa5f9&#8243; header_3_font_size=\u00bb42px\u00bb header_3_line_height=\u00bb1.2em\u00bb header_4_font=\u00bbAlegreya Sans||||||||\u00bb header_5_font=\u00bbAlegreya Sans|||on|||||\u00bb header_5_text_color=\u00bbrgba(0,0,0,0.4)\u00bb header_5_font_size=\u00bb20px\u00bb header_5_letter_spacing=\u00bb3px\u00bb header_6_font=\u00bbAlegreya Sans||||||||\u00bb max_width=\u00bb600px\u00bb max_width_tablet=\u00bb\u00bb max_width_phone=\u00bb\u00bb max_width_last_edited=\u00bbon|phone\u00bb custom_margin_tablet=\u00bb|70px||70px\u00bb custom_margin_phone=\u00bb|50px||50px\u00bb custom_margin_last_edited=\u00bboff|desktop\u00bb text_line_height_last_edited=\u00bboff|desktop\u00bb global_colors_info=\u00bb{}\u00bb]<\/p>\n<h3 style=\"text-align: center;\">\u00bfEMPRESA, C\u00d3MO PUEDES COLABORAR?<\/h3>\n<p>[\/et_pb_text][\/et_pb_column][et_pb_column type=\u00bb3_5&#8243; _builder_version=\u00bb4.16&#8243; custom_padding=\u00bb|||\u00bb global_colors_info=\u00bb{}\u00bb custom_padding__hover=\u00bb|||\u00bb][et_pb_text _builder_version=\u00bb4.23&#8243; text_font=\u00bbAllerta Stencil||||||||\u00bb text_font_size=\u00bb18px\u00bb text_line_height=\u00bb2em\u00bb header_font=\u00bbAlegreya Sans||||||||\u00bb header_2_font=\u00bbAlegreya Sans|700|||||||\u00bb header_2_font_size=\u00bb50px\u00bb header_2_line_height=\u00bb1.5em\u00bb header_3_font=\u00bbAlegreya Sans||||||||\u00bb header_4_font=\u00bbAlegreya Sans||||||||\u00bb header_5_font=\u00bbAlegreya Sans|||on|||||\u00bb header_5_text_color=\u00bbrgba(0,0,0,0.4)\u00bb header_5_font_size=\u00bb20px\u00bb header_5_letter_spacing=\u00bb3px\u00bb header_6_font=\u00bbAlegreya Sans||||||||\u00bb max_width=\u00bb600px\u00bb max_width_tablet=\u00bb\u00bb max_width_phone=\u00bb\u00bb max_width_last_edited=\u00bbon|phone\u00bb custom_margin_tablet=\u00bb|70px||70px\u00bb custom_margin_phone=\u00bb|50px||50px\u00bb custom_margin_last_edited=\u00bboff|desktop\u00bb text_line_height_last_edited=\u00bboff|desktop\u00bb global_colors_info=\u00bb{}\u00bb]<\/p>\n<p>Si sois una empresa o entidad pod\u00e9is realizar m\u00e1s de un tipo de colaboraci\u00f3n y compartir nuestros valores y nuestra manera de hacer.<br \/>Pod\u00e9is hacer socios en vuestra empresa, hacer un donativo puntual u organizar actividades solidarias con KADIAND\u00da (teamings, rifas de Navidad, etc.).<br \/>Donaci\u00f3n de material m\u00e9dico fungible y no fungible siempre es necesario y bienvenida.<\/p>\n<p><strong>Nota:<\/strong><br \/>Nuestra asociaci\u00f3n ha obtenido la calificaci\u00f3n necesaria que hace que puedas beneficiarte de las desgravaciones fiscales previstas por la ley.&nbsp;<br \/>Si quieres m\u00e1s informaci\u00f3n, no dudes en ponerte en contacto con nosotros en <a href=\"mailto:%20info@kadiandu.org\">info@kadiandu.org<\/a><\/p>\n<p>KADIAND\u00da tratar\u00e1 los datos personales con la finalidad de gestionar y tramitar tu solicitud y enviarte informaci\u00f3n sobre actividades, campa\u00f1as, e iniciativas similares. En &#8216;Pol\u00edtica de Privacidad&#8217; se indica c\u00f3mo puedes ejercer tus derechos de acceso, rectificaci\u00f3n, supresi\u00f3n, limitaci\u00f3n, portabilidad y oposici\u00f3n.<\/p>\n<p>[\/et_pb_text][\/et_pb_column][\/et_pb_row][\/et_pb_section][et_pb_section fb_built=\u00bb1&#8243; _builder_version=\u00bb4.22.2&#8243; background_image=\u00bbhttps:\/\/kadiandu.org\/wp-content\/uploads\/2023\/08\/kadiandu-creixer.jpg\u00bb custom_padding=\u00bb79px|0px|117px|0px|false|false\u00bb global_colors_info=\u00bb{}\u00bb][et_pb_row column_structure=\u00bb1_2,1_2&#8243; _builder_version=\u00bb4.23&#8243; _module_preset=\u00bbdefault\u00bb global_colors_info=\u00bb{}\u00bb][et_pb_column type=\u00bb1_2&#8243; _builder_version=\u00bb4.23&#8243; _module_preset=\u00bbdefault\u00bb global_colors_info=\u00bb{}\u00bb][et_pb_button button_url=\u00bbhttps:\/\/kadiandu.org\/es\/colabora\/\u00bb button_text=\u00bbDONA AHORA\u00bb button_alignment=\u00bbcenter\u00bb _builder_version=\u00bb4.23&#8243; _module_preset=\u00bbdefault\u00bb custom_button=\u00bbon\u00bb button_text_size=\u00bb24px\u00bb button_text_color=\u00bb#FFFFFF\u00bb button_bg_color=\u00bb#2fa5f9&#8243; button_border_radius=\u00bb5px\u00bb button_icon=\u00bb&#x3d;||divi||400&#8243; custom_margin=\u00bb||||false|false\u00bb custom_padding=\u00bb||||false|false\u00bb global_module=\u00bb2247&#8243; global_colors_info=\u00bb{}\u00bb][\/et_pb_button][\/et_pb_column][et_pb_column type=\u00bb1_2&#8243; _builder_version=\u00bb4.23&#8243; _module_preset=\u00bbdefault\u00bb global_colors_info=\u00bb{}\u00bb][et_pb_button button_url=\u00bbhttps:\/\/kadiandu.org\/es\/hazte-socia-o\/\u00bb button_text=\u00bbHAZTE SOCIA\/O\u00bb button_alignment=\u00bbcenter\u00bb _builder_version=\u00bb4.23&#8243; _module_preset=\u00bbdefault\u00bb custom_button=\u00bbon\u00bb button_text_size=\u00bb24px\u00bb button_text_color=\u00bb#FFFFFF\u00bb button_bg_color=\u00bb#186a3a\u00bb button_border_radius=\u00bb5px\u00bb button_icon=\u00bb&#x3d;||divi||400&#8243; custom_margin=\u00bb||||false|false\u00bb custom_padding=\u00bb||||false|false\u00bb global_module=\u00bb2245&#8243; global_colors_info=\u00bb{}\u00bb][\/et_pb_button][\/et_pb_column][\/et_pb_row][\/et_pb_section]<\/p>\n","protected":false},"excerpt":{"rendered":"<p>&nbsp; &nbsp;\u00bfPOR QU\u00c9 COLABORAR CON KADIAND\u00da? Porque nuestro compromiso es atender a las personas m\u00e1s vulnerables a una zona donde las estructuras sanitarias gubernamentales no pueden dar cobertura quir\u00fargica ni [&hellip;]<\/p>\n","protected":false},"author":1,"featured_media":0,"parent":0,"menu_order":0,"comment_status":"closed","ping_status":"closed","template":"","meta":{"give_campaign_id":0,"_et_pb_use_builder":"on","_et_pb_old_content":"","_et_gb_content_width":"","ngg_post_thumbnail":0,"footnotes":""},"class_list":["post-2862","page","type-page","status-publish","hentry"],"yoast_head":"<!-- This site is optimized with the Yoast SEO plugin v27.1.1 - https:\/\/yoast.com\/product\/yoast-seo-wordpress\/ -->\n<title>C\u00d3MO AYUDAR - Kadiandu - ONG<\/title>\n<meta name=\"description\" content=\"Queremos sensibilizar a personas para que se conviertan en SOCIS y que todos juntos seamos la base estable y el pilar de nuestros recursos.\" \/>\n<meta name=\"robots\" content=\"index, follow, max-snippet:-1, max-image-preview:large, max-video-preview:-1\" \/>\n<link rel=\"canonical\" href=\"https:\/\/kadiandu.org\/es\/como-ayudar\/\" \/>\n<meta property=\"og:locale\" content=\"es_ES\" \/>\n<meta property=\"og:type\" content=\"article\" \/>\n<meta property=\"og:title\" content=\"C\u00d3MO AYUDAR - Kadiandu - ONG\" \/>\n<meta property=\"og:description\" content=\"Queremos sensibilizar a personas para que se conviertan en SOCIS y que todos juntos seamos la base estable y el pilar de nuestros recursos.\" \/>\n<meta property=\"og:url\" content=\"https:\/\/kadiandu.org\/es\/como-ayudar\/\" \/>\n<meta property=\"og:site_name\" content=\"Kadiandu - ONG\" \/>\n<meta property=\"article:modified_time\" content=\"2023-11-25T10:00:05+00:00\" \/>\n<meta name=\"twitter:card\" content=\"summary_large_image\" \/>\n<meta name=\"twitter:label1\" content=\"Tiempo de lectura\" \/>\n\t<meta name=\"twitter:data1\" content=\"9 minutos\" \/>\n<script type=\"application\/ld+json\" class=\"yoast-schema-graph\">{\"@context\":\"https:\/\/schema.org\",\"@graph\":[{\"@type\":\"WebPage\",\"@id\":\"https:\/\/kadiandu.org\/es\/como-ayudar\/\",\"url\":\"https:\/\/kadiandu.org\/es\/como-ayudar\/\",\"name\":\"C\u00d3MO AYUDAR - Kadiandu - ONG\",\"isPartOf\":{\"@id\":\"https:\/\/kadiandu.org\/es\/#website\"},\"datePublished\":\"2018-10-21T10:00:53+00:00\",\"dateModified\":\"2023-11-25T10:00:05+00:00\",\"description\":\"Queremos sensibilizar a personas para que se conviertan en SOCIS y que todos juntos seamos la base estable y el pilar de nuestros recursos.\",\"breadcrumb\":{\"@id\":\"https:\/\/kadiandu.org\/es\/como-ayudar\/#breadcrumb\"},\"inLanguage\":\"es\",\"potentialAction\":[{\"@type\":\"ReadAction\",\"target\":[\"https:\/\/kadiandu.org\/es\/como-ayudar\/\"]}]},{\"@type\":\"BreadcrumbList\",\"@id\":\"https:\/\/kadiandu.org\/es\/como-ayudar\/#breadcrumb\",\"itemListElement\":[{\"@type\":\"ListItem\",\"position\":1,\"name\":\"Portada\",\"item\":\"https:\/\/kadiandu.org\/es\/\"},{\"@type\":\"ListItem\",\"position\":2,\"name\":\"C\u00d3MO AYUDAR\"}]},{\"@type\":\"WebSite\",\"@id\":\"https:\/\/kadiandu.org\/es\/#website\",\"url\":\"https:\/\/kadiandu.org\/es\/\",\"name\":\"Kadiandu - ONG\",\"description\":\"Kadiandu\",\"alternateName\":\"Kadiandu - ONG\",\"potentialAction\":[{\"@type\":\"SearchAction\",\"target\":{\"@type\":\"EntryPoint\",\"urlTemplate\":\"https:\/\/kadiandu.org\/es\/?s={search_term_string}\"},\"query-input\":{\"@type\":\"PropertyValueSpecification\",\"valueRequired\":true,\"valueName\":\"search_term_string\"}}],\"inLanguage\":\"es\"}]}<\/script>\n<!-- \/ Yoast SEO plugin. -->","yoast_head_json":{"title":"C\u00d3MO AYUDAR - Kadiandu - ONG","description":"Queremos sensibilizar a personas para que se conviertan en SOCIS y que todos juntos seamos la base estable y el pilar de nuestros recursos.","robots":{"index":"index","follow":"follow","max-snippet":"max-snippet:-1","max-image-preview":"max-image-preview:large","max-video-preview":"max-video-preview:-1"},"canonical":"https:\/\/kadiandu.org\/es\/como-ayudar\/","og_locale":"es_ES","og_type":"article","og_title":"C\u00d3MO AYUDAR - Kadiandu - ONG","og_description":"Queremos sensibilizar a personas para que se conviertan en SOCIS y que todos juntos seamos la base estable y el pilar de nuestros recursos.","og_url":"https:\/\/kadiandu.org\/es\/como-ayudar\/","og_site_name":"Kadiandu - ONG","article_modified_time":"2023-11-25T10:00:05+00:00","twitter_card":"summary_large_image","twitter_misc":{"Tiempo de lectura":"9 minutos"},"schema":{"@context":"https:\/\/schema.org","@graph":[{"@type":"WebPage","@id":"https:\/\/kadiandu.org\/es\/como-ayudar\/","url":"https:\/\/kadiandu.org\/es\/como-ayudar\/","name":"C\u00d3MO AYUDAR - Kadiandu - ONG","isPartOf":{"@id":"https:\/\/kadiandu.org\/es\/#website"},"datePublished":"2018-10-21T10:00:53+00:00","dateModified":"2023-11-25T10:00:05+00:00","description":"Queremos sensibilizar a personas para que se conviertan en SOCIS y que todos juntos seamos la base estable y el pilar de nuestros recursos.","breadcrumb":{"@id":"https:\/\/kadiandu.org\/es\/como-ayudar\/#breadcrumb"},"inLanguage":"es","potentialAction":[{"@type":"ReadAction","target":["https:\/\/kadiandu.org\/es\/como-ayudar\/"]}]},{"@type":"BreadcrumbList","@id":"https:\/\/kadiandu.org\/es\/como-ayudar\/#breadcrumb","itemListElement":[{"@type":"ListItem","position":1,"name":"Portada","item":"https:\/\/kadiandu.org\/es\/"},{"@type":"ListItem","position":2,"name":"C\u00d3MO AYUDAR"}]},{"@type":"WebSite","@id":"https:\/\/kadiandu.org\/es\/#website","url":"https:\/\/kadiandu.org\/es\/","name":"Kadiandu - ONG","description":"Kadiandu","alternateName":"Kadiandu - ONG","potentialAction":[{"@type":"SearchAction","target":{"@type":"EntryPoint","urlTemplate":"https:\/\/kadiandu.org\/es\/?s={search_term_string}"},"query-input":{"@type":"PropertyValueSpecification","valueRequired":true,"valueName":"search_term_string"}}],"inLanguage":"es"}]}},"campaignId":"","_links":{"self":[{"href":"https:\/\/kadiandu.org\/es\/wp-json\/wp\/v2\/pages\/2862","targetHints":{"allow":["GET"]}}],"collection":[{"href":"https:\/\/kadiandu.org\/es\/wp-json\/wp\/v2\/pages"}],"about":[{"href":"https:\/\/kadiandu.org\/es\/wp-json\/wp\/v2\/types\/page"}],"author":[{"embeddable":true,"href":"https:\/\/kadiandu.org\/es\/wp-json\/wp\/v2\/users\/1"}],"replies":[{"embeddable":true,"href":"https:\/\/kadiandu.org\/es\/wp-json\/wp\/v2\/comments?post=2862"}],"version-history":[{"count":4,"href":"https:\/\/kadiandu.org\/es\/wp-json\/wp\/v2\/pages\/2862\/revisions"}],"predecessor-version":[{"id":3225,"href":"https:\/\/kadiandu.org\/es\/wp-json\/wp\/v2\/pages\/2862\/revisions\/3225"}],"wp:attachment":[{"href":"https:\/\/kadiandu.org\/es\/wp-json\/wp\/v2\/media?parent=2862"}],"curies":[{"name":"wp","href":"https:\/\/api.w.org\/{rel}","templated":true}]}}