{"id":2843,"date":"2019-03-02T08:02:58","date_gmt":"2019-03-02T08:02:58","guid":{"rendered":"https:\/\/kadiandu.org\/colabora\/"},"modified":"2024-04-04T19:44:39","modified_gmt":"2024-04-04T19:44:39","slug":"colabora","status":"publish","type":"page","link":"https:\/\/kadiandu.org\/es\/colabora\/","title":{"rendered":"COLABORA"},"content":{"rendered":"<p>[et_pb_section fb_built=\u00bb1&#8243; admin_label=\u00bbAbout Section\u00bb _builder_version=\u00bb4.16&#8243; custom_padding=\u00bb80px|0px|80px|0px|true|false\u00bb global_colors_info=\u00bb{}\u00bb][et_pb_row _builder_version=\u00bb4.22.2&#8243; _module_preset=\u00bbdefault\u00bb global_colors_info=\u00bb{}\u00bb][et_pb_column type=\u00bb4_4&#8243; _builder_version=\u00bb4.22.2&#8243; _module_preset=\u00bbdefault\u00bb global_colors_info=\u00bb{}\u00bb][et_pb_text _builder_version=\u00bb4.23.1&#8243; _module_preset=\u00bbdefault\u00bb global_colors_info=\u00bb{}\u00bb]<\/p>\n<p style=\"text-align: center;\"><div class='root-data-givewp-embed' data-form-locale='es_ES' data-form-url='https:\/\/kadiandu.org\/?post_type=give_forms&#038;p=3127' data-form-view-url='https:\/\/kadiandu.org\/es\/?givewp-route=donation-form-view&form-id=3127' data-src='https:\/\/kadiandu.org\/es\/?givewp-route=donation-form-view&form-id=3127' data-givewp-embed-id='give-form-shortcode-1' data-form-format='' data-open-form-button='Donar ahora' style='--givewp-primary-color: #1E8CBE; --givewp-secondary-color: #f49420;'><\/div><\/p>\n<p>[\/et_pb_text][\/et_pb_column][\/et_pb_row][et_pb_row _builder_version=\u00bb4.22.2&#8243; _module_preset=\u00bbdefault\u00bb global_colors_info=\u00bb{}\u00bb][et_pb_column type=\u00bb4_4&#8243; _builder_version=\u00bb4.22.2&#8243; _module_preset=\u00bbdefault\u00bb global_colors_info=\u00bb{}\u00bb][et_pb_divider _builder_version=\u00bb4.22.2&#8243; _module_preset=\u00bbdefault\u00bb global_colors_info=\u00bb{}\u00bb][\/et_pb_divider][et_pb_text admin_label=\u00bbTexto\u00bb _builder_version=\u00bb4.23&#8243; _module_preset=\u00bbdefault\u00bb text_font=\u00bbZilla Slab Highlight|700|||||||\u00bb text_text_color=\u00bb#2fa5f9&#8243; text_font_size=\u00bb24px\u00bb header_font=\u00bbZilla Slab Highlight||||||||\u00bb header_text_color=\u00bb#2fa5f9&#8243; header_2_font=\u00bbZilla Slab Highlight||||||||\u00bb header_3_font=\u00bbZilla Slab Highlight|700|||||||\u00bb header_3_text_color=\u00bb#2fa5f9&#8243; header_4_font=\u00bbZilla Slab Highlight||||||||\u00bb header_4_text_color=\u00bb#2fa5f9&#8243; text_orientation=\u00bbcenter\u00bb global_colors_info=\u00bb{}\u00bb]<\/p>\n<h3>Haz tu donaci\u00f3n por BIZUM<\/h3>\n<p>[\/et_pb_text][et_pb_text _builder_version=\u00bb4.23&#8243; _module_preset=\u00bbdefault\u00bb text_font_size=\u00bb18px\u00bb global_colors_info=\u00bb{}\u00bb]<\/p>\n<p>Tambi\u00e9n puedes hacer tu donaci\u00f3n por BIZUM, elige el importe y la cantidad:<\/p>\n<p>[\/et_pb_text][\/et_pb_column][\/et_pb_row][et_pb_row column_structure=\u00bb1_2,1_2&#8243; _builder_version=\u00bb4.22.2&#8243; _module_preset=\u00bbdefault\u00bb global_colors_info=\u00bb{}\u00bb][et_pb_column type=\u00bb1_2&#8243; _builder_version=\u00bb4.22.2&#8243; _module_preset=\u00bbdefault\u00bb global_colors_info=\u00bb{}\u00bb][et_pb_text _builder_version=\u00bb4.22.2&#8243; _module_preset=\u00bbdefault\u00bb hover_enabled=\u00bb0&#8243; global_colors_info=\u00bb{}\u00bb sticky_enabled=\u00bb0&#8243;]<\/p>\n<p><img loading=\"lazy\" decoding=\"async\" class=\"wp-image-1590 alignnone \" src=\"https:\/\/kadiandu.org\/wp-content\/uploads\/2023\/10\/3.jpg\" alt=\"\" width=\"339\" height=\"127\" srcset=\"https:\/\/kadiandu.org\/wp-content\/uploads\/2023\/10\/3.jpg 400w, https:\/\/kadiandu.org\/wp-content\/uploads\/2023\/10\/3-300x113.jpg 300w\" sizes=\"(max-width: 339px) 100vw, 339px\" \/><\/p>\n<p>[\/et_pb_text][\/et_pb_column][et_pb_column type=\u00bb1_2&#8243; _builder_version=\u00bb4.22.2&#8243; _module_preset=\u00bbdefault\u00bb global_colors_info=\u00bb{}\u00bb][et_pb_text _builder_version=\u00bb4.23.1&#8243; _module_preset=\u00bbdefault\u00bb text_font=\u00bbZilla Slab Highlight||||||||\u00bb text_text_color=\u00bb#2fa5f9&#8243; text_font_size=\u00bb50px\u00bb header_font=\u00bbZilla Slab Highlight||||||||\u00bb header_text_color=\u00bb#2fa5f9&#8243; hover_enabled=\u00bb0&#8243; global_colors_info=\u00bb{}\u00bb sticky_enabled=\u00bb0&#8243;]<\/p>\n<h1>&nbsp;<\/h1>\n<h1 style=\"text-align: center;\"><strong>09393<\/strong><\/h1>\n<p>&nbsp;[\/et_pb_text][\/et_pb_column][\/et_pb_row][\/et_pb_section]<\/p>\n","protected":false},"excerpt":{"rendered":"<p><div class='root-data-givewp-embed' data-form-locale='es_ES' data-form-url='https:\/\/kadiandu.org\/?post_type=give_forms&#038;p=3127' data-form-view-url='https:\/\/kadiandu.org\/es\/?givewp-route=donation-form-view&form-id=3127' data-src='https:\/\/kadiandu.org\/es\/?givewp-route=donation-form-view&form-id=3127' data-givewp-embed-id='give-form-shortcode-2' data-form-format='' data-open-form-button='Donar ahora' style='--givewp-primary-color: #1E8CBE; --givewp-secondary-color: #f49420;'><\/div>Haz tu donaci\u00f3n por BIZUMTambi\u00e9n puedes hacer tu donaci\u00f3n por BIZUM, elige el importe y la cantidad:&nbsp; 09393 &nbsp;<\/p>\n","protected":false},"author":1,"featured_media":0,"parent":0,"menu_order":0,"comment_status":"closed","ping_status":"closed","template":"","meta":{"give_campaign_id":0,"_et_pb_use_builder":"on","_et_pb_old_content":"","_et_gb_content_width":"","ngg_post_thumbnail":0,"footnotes":""},"class_list":["post-2843","page","type-page","status-publish","hentry"],"yoast_head":"<!-- This site is optimized with the Yoast SEO plugin v27.1.1 - https:\/\/yoast.com\/product\/yoast-seo-wordpress\/ -->\n<title>COLABORA - Kadiandu - ONG<\/title>\n<meta name=\"description\" content=\"Apoya nuestra causa, ayuda a nuestra organizaci\u00f3n haciendo hoy una donaci\u00f3n. Todas las donaciones son importantes\" \/>\n<meta name=\"robots\" content=\"index, follow, max-snippet:-1, max-image-preview:large, max-video-preview:-1\" \/>\n<link rel=\"canonical\" href=\"https:\/\/kadiandu.org\/es\/colabora\/\" \/>\n<meta property=\"og:locale\" content=\"es_ES\" \/>\n<meta property=\"og:type\" content=\"article\" \/>\n<meta property=\"og:title\" content=\"COLABORA - Kadiandu - ONG\" \/>\n<meta property=\"og:description\" content=\"Apoya nuestra causa, ayuda a nuestra organizaci\u00f3n haciendo hoy una donaci\u00f3n. Todas las donaciones son importantes\" \/>\n<meta property=\"og:url\" content=\"https:\/\/kadiandu.org\/es\/colabora\/\" \/>\n<meta property=\"og:site_name\" content=\"Kadiandu - ONG\" \/>\n<meta property=\"article:modified_time\" content=\"2024-04-04T19:44:39+00:00\" \/>\n<meta property=\"og:image\" content=\"https:\/\/kadiandu.org\/wp-content\/uploads\/2023\/10\/3.jpg\" \/>\n<meta name=\"twitter:card\" content=\"summary_large_image\" \/>\n<meta name=\"twitter:label1\" content=\"Tiempo de lectura\" \/>\n\t<meta name=\"twitter:data1\" content=\"1 minuto\" \/>\n<script type=\"application\/ld+json\" class=\"yoast-schema-graph\">{\"@context\":\"https:\/\/schema.org\",\"@graph\":[{\"@type\":\"WebPage\",\"@id\":\"https:\/\/kadiandu.org\/es\/colabora\/\",\"url\":\"https:\/\/kadiandu.org\/es\/colabora\/\",\"name\":\"COLABORA - Kadiandu - ONG\",\"isPartOf\":{\"@id\":\"https:\/\/kadiandu.org\/es\/#website\"},\"primaryImageOfPage\":{\"@id\":\"https:\/\/kadiandu.org\/es\/colabora\/#primaryimage\"},\"image\":{\"@id\":\"https:\/\/kadiandu.org\/es\/colabora\/#primaryimage\"},\"thumbnailUrl\":\"https:\/\/kadiandu.org\/wp-content\/uploads\/2023\/10\/3.jpg\",\"datePublished\":\"2019-03-02T08:02:58+00:00\",\"dateModified\":\"2024-04-04T19:44:39+00:00\",\"description\":\"Apoya nuestra causa, ayuda a nuestra organizaci\u00f3n haciendo hoy una donaci\u00f3n. Todas las donaciones son importantes\",\"breadcrumb\":{\"@id\":\"https:\/\/kadiandu.org\/es\/colabora\/#breadcrumb\"},\"inLanguage\":\"es\",\"potentialAction\":[{\"@type\":\"ReadAction\",\"target\":[\"https:\/\/kadiandu.org\/es\/colabora\/\"]}]},{\"@type\":\"ImageObject\",\"inLanguage\":\"es\",\"@id\":\"https:\/\/kadiandu.org\/es\/colabora\/#primaryimage\",\"url\":\"https:\/\/kadiandu.org\/wp-content\/uploads\/2023\/10\/3.jpg\",\"contentUrl\":\"https:\/\/kadiandu.org\/wp-content\/uploads\/2023\/10\/3.jpg\"},{\"@type\":\"BreadcrumbList\",\"@id\":\"https:\/\/kadiandu.org\/es\/colabora\/#breadcrumb\",\"itemListElement\":[{\"@type\":\"ListItem\",\"position\":1,\"name\":\"Portada\",\"item\":\"https:\/\/kadiandu.org\/es\/\"},{\"@type\":\"ListItem\",\"position\":2,\"name\":\"COLABORA\"}]},{\"@type\":\"WebSite\",\"@id\":\"https:\/\/kadiandu.org\/es\/#website\",\"url\":\"https:\/\/kadiandu.org\/es\/\",\"name\":\"Kadiandu - ONG\",\"description\":\"Kadiandu\",\"alternateName\":\"Kadiandu - ONG\",\"potentialAction\":[{\"@type\":\"SearchAction\",\"target\":{\"@type\":\"EntryPoint\",\"urlTemplate\":\"https:\/\/kadiandu.org\/es\/?s={search_term_string}\"},\"query-input\":{\"@type\":\"PropertyValueSpecification\",\"valueRequired\":true,\"valueName\":\"search_term_string\"}}],\"inLanguage\":\"es\"}]}<\/script>\n<!-- \/ Yoast SEO plugin. -->","yoast_head_json":{"title":"COLABORA - Kadiandu - ONG","description":"Apoya nuestra causa, ayuda a nuestra organizaci\u00f3n haciendo hoy una donaci\u00f3n. Todas las donaciones son importantes","robots":{"index":"index","follow":"follow","max-snippet":"max-snippet:-1","max-image-preview":"max-image-preview:large","max-video-preview":"max-video-preview:-1"},"canonical":"https:\/\/kadiandu.org\/es\/colabora\/","og_locale":"es_ES","og_type":"article","og_title":"COLABORA - Kadiandu - ONG","og_description":"Apoya nuestra causa, ayuda a nuestra organizaci\u00f3n haciendo hoy una donaci\u00f3n. Todas las donaciones son importantes","og_url":"https:\/\/kadiandu.org\/es\/colabora\/","og_site_name":"Kadiandu - ONG","article_modified_time":"2024-04-04T19:44:39+00:00","og_image":[{"url":"https:\/\/kadiandu.org\/wp-content\/uploads\/2023\/10\/3.jpg","type":"","width":"","height":""}],"twitter_card":"summary_large_image","twitter_misc":{"Tiempo de lectura":"1 minuto"},"schema":{"@context":"https:\/\/schema.org","@graph":[{"@type":"WebPage","@id":"https:\/\/kadiandu.org\/es\/colabora\/","url":"https:\/\/kadiandu.org\/es\/colabora\/","name":"COLABORA - Kadiandu - ONG","isPartOf":{"@id":"https:\/\/kadiandu.org\/es\/#website"},"primaryImageOfPage":{"@id":"https:\/\/kadiandu.org\/es\/colabora\/#primaryimage"},"image":{"@id":"https:\/\/kadiandu.org\/es\/colabora\/#primaryimage"},"thumbnailUrl":"https:\/\/kadiandu.org\/wp-content\/uploads\/2023\/10\/3.jpg","datePublished":"2019-03-02T08:02:58+00:00","dateModified":"2024-04-04T19:44:39+00:00","description":"Apoya nuestra causa, ayuda a nuestra organizaci\u00f3n haciendo hoy una donaci\u00f3n. Todas las donaciones son importantes","breadcrumb":{"@id":"https:\/\/kadiandu.org\/es\/colabora\/#breadcrumb"},"inLanguage":"es","potentialAction":[{"@type":"ReadAction","target":["https:\/\/kadiandu.org\/es\/colabora\/"]}]},{"@type":"ImageObject","inLanguage":"es","@id":"https:\/\/kadiandu.org\/es\/colabora\/#primaryimage","url":"https:\/\/kadiandu.org\/wp-content\/uploads\/2023\/10\/3.jpg","contentUrl":"https:\/\/kadiandu.org\/wp-content\/uploads\/2023\/10\/3.jpg"},{"@type":"BreadcrumbList","@id":"https:\/\/kadiandu.org\/es\/colabora\/#breadcrumb","itemListElement":[{"@type":"ListItem","position":1,"name":"Portada","item":"https:\/\/kadiandu.org\/es\/"},{"@type":"ListItem","position":2,"name":"COLABORA"}]},{"@type":"WebSite","@id":"https:\/\/kadiandu.org\/es\/#website","url":"https:\/\/kadiandu.org\/es\/","name":"Kadiandu - ONG","description":"Kadiandu","alternateName":"Kadiandu - ONG","potentialAction":[{"@type":"SearchAction","target":{"@type":"EntryPoint","urlTemplate":"https:\/\/kadiandu.org\/es\/?s={search_term_string}"},"query-input":{"@type":"PropertyValueSpecification","valueRequired":true,"valueName":"search_term_string"}}],"inLanguage":"es"}]}},"campaignId":"","_links":{"self":[{"href":"https:\/\/kadiandu.org\/es\/wp-json\/wp\/v2\/pages\/2843","targetHints":{"allow":["GET"]}}],"collection":[{"href":"https:\/\/kadiandu.org\/es\/wp-json\/wp\/v2\/pages"}],"about":[{"href":"https:\/\/kadiandu.org\/es\/wp-json\/wp\/v2\/types\/page"}],"author":[{"embeddable":true,"href":"https:\/\/kadiandu.org\/es\/wp-json\/wp\/v2\/users\/1"}],"replies":[{"embeddable":true,"href":"https:\/\/kadiandu.org\/es\/wp-json\/wp\/v2\/comments?post=2843"}],"version-history":[{"count":19,"href":"https:\/\/kadiandu.org\/es\/wp-json\/wp\/v2\/pages\/2843\/revisions"}],"predecessor-version":[{"id":3389,"href":"https:\/\/kadiandu.org\/es\/wp-json\/wp\/v2\/pages\/2843\/revisions\/3389"}],"wp:attachment":[{"href":"https:\/\/kadiandu.org\/es\/wp-json\/wp\/v2\/media?parent=2843"}],"curies":[{"name":"wp","href":"https:\/\/api.w.org\/{rel}","templated":true}]}}